{"id":1328,"date":"2024-06-23T18:45:21","date_gmt":"2024-06-23T15:45:21","guid":{"rendered":"http:\/\/group.escem.com.tr\/?page_id=1328"},"modified":"2024-07-29T15:14:52","modified_gmt":"2024-07-29T12:14:52","slug":"kurumsal","status":"publish","type":"page","link":"http:\/\/group.escem.com.tr\/index.php\/kurumsal\/","title":{"rendered":"Kurumsal"},"content":{"rendered":"<div class=\"wpb-content-wrapper\"><p>[vc_row][vc_column width=&#8221;2\/3&#8243;]\n\t<!-- Element: OT Heading --> \t \n\t<h3 class=\"ot_custom_heading  \" style=\"\" >ES\u00c7EM Hakk\u0131m\u0131zda<\/h3>\t\n[vc_row_inner][vc_column_inner][vc_images_carousel images=&#8221;1588,1590,1589&#8243; img_size=&#8221;600&#215;360&#8243; mode=&#8221;vertical&#8221; speed=&#8221;4000&#8243; autoplay=&#8221;yes&#8221; css=&#8221;&#8221;][\/vc_column_inner][\/vc_row_inner][vc_column_text css=&#8221;&#8221;]<strong>ES\u00c7EM<\/strong>, 2002 y\u0131l\u0131ndan beri sanayi kurulu\u015flar\u0131n\u0131n enerji verimlili\u011fini art\u0131rmak, enerji maliyetlerini d\u00fc\u015f\u00fcrmek ve \u00e7evresel etkilerini minimize etmek i\u00e7in kapsaml\u0131 \u00e7\u00f6z\u00fcmler sunmaktad\u0131r.<\/p>\n<p>Sadece anl\u0131k problemlerinize \u00e7\u00f6z\u00fcm \u00fcretmekle kalmay\u0131p, uzun vadeli ve s\u00fcrd\u00fcr\u00fclebilir \u00e7\u00f6z\u00fcmler sunmay\u0131 ilke edindik. Bu sayede, enerji ve \u00e7evre maliyetlerinizi d\u00fc\u015f\u00fcrmenize ve \u00e7evreye olan duyarl\u0131l\u0131\u011f\u0131n\u0131z\u0131 art\u0131rman\u0131za yard\u0131mc\u0131 oluyoruz.[\/vc_column_text][vc_column_text css=&#8221;&#8221;]<strong>Deneyimli ve Uzman Kadromuz:<\/strong>\u00a0Farkl\u0131 \u00fcretim proseslerine hakim, uzman bilgi birikimine ve tecr\u00fcbeye sahip m\u00fchendis ve teknik kadromuz ile sekt\u00f6rden ba\u011f\u0131ms\u0131z olarak m\u00fc\u015fteri problemlerine \u00e7\u00f6z\u00fcm ortakl\u0131\u011f\u0131 sunuyoruz.<\/p>\n<p><strong>Hedefimiz S\u00fcrd\u00fcr\u00fclebilirlik:<\/strong>\u00a0Proses integrasyonu yakla\u015f\u0131m\u0131yla entegre \u00e7evre-enerji y\u00f6netimi ve temiz \u00fcretim odakl\u0131 proje-yat\u0131r\u0131m stratejileri geli\u015ftirerek, m\u00fc\u015fterilerimizin s\u00fcrd\u00fcr\u00fclebilirli\u011fini sa\u011fl\u0131yoruz.<\/p>\n<p><strong>At\u0131k Y\u00f6netimi:<\/strong>\u00a0At\u0131klardan y\u00fcksek katma de\u011ferli \u00fcr\u00fcnlerin geri kazan\u0131m\u0131n\u0131 sa\u011flayarak, s\u0131f\u0131r at\u0131k hedefine katk\u0131da bulunuyoruz.<\/p>\n<p><strong>Laboratuvar Hizmetleri:<\/strong>\u00a0Akredite laboratuvar\u0131m\u0131zda at\u0131k sular\u0131n ve at\u0131k gazlar\u0131n karakterizasyonunu analizlerle belirliyor ve m\u00fc\u015fteriye en uygun \u00e7\u00f6z\u00fcm kombinasyonlar\u0131n\u0131 sunuyoruz.<\/p>\n<p><strong>Kurulum ve E\u011fitim:<\/strong>\u00a0Teklif m\u00fczakerelerine ve m\u00fc\u015fteri isteklerine g\u00f6re pilot tesis veya ticari \u00f6l\u00e7ekli tesis kurulum projelerini haz\u0131rlay\u0131p, tesis devreye alma hizmeti veriyoruz. M\u00fc\u015fteri teknik personeline gerekli e\u011fitimleri sa\u011flayarak, kurulum sonras\u0131 dan\u0131\u015fmanl\u0131k hizmeti de sunuyoruz.<\/p>\n<p><strong>Enerji Verimlili\u011fi:<\/strong>\u00a0Enerji Sistemleri ve \u00c7evre Et\u00fct Merkezi olarak, 20 y\u0131l\u0131 a\u015fk\u0131n tecr\u00fcbemizle enerji verimlili\u011fi projeleri ger\u00e7ekle\u015ftirerek, elektrik ve mekanik sistemlerde Termal Kamera \u00f6l\u00e7\u00fcm hizmeti veriyoruz.<\/p>\n<p><strong>\u00c7evre \u00d6l\u00e7\u00fcm ve Analizleri:<\/strong>\u00a0Deneyimli ve uzman kadromuz ve \u00fcst d\u00fczey laboratuvar altyap\u0131m\u0131z ile \u00e7evre \u00f6l\u00e7\u00fcm, analiz ve raporlama hizmetleri sunuyoruz.<\/p>\n<p><strong>ES\u00c7EM<\/strong>, ulusal ve uluslararas\u0131 alanda teknik yeterlili\u011fini belgelemek i\u00e7in T\u00fcrk Akreditasyon Kurumu (T\u00dcRKAK) taraf\u0131ndan akredite edilmi\u015f bir kurulu\u015ftur. Biyogaz konusunda T\u00fcrkiye&#8217;de ilk ve tek akredite laboratuvar olarak hizmet vermekteyiz.<\/p>\n<p><strong>S\u00fcrd\u00fcr\u00fclebilir bir gelecek i\u00e7in ES\u00c7EM ile \u00e7al\u0131\u015f\u0131n.<\/strong>[\/vc_column_text][\/vc_column][vc_column width=&#8221;1\/3&#8243;][vc_empty_space]\t\t\t\n\t<!-- Element: OT Button --> \n\t\t\t<a href=\"http:\/\/group.escem.com.tr\/index.php\/vizyon-misyon\/\" target=\"_self\" class=\"btn btn-line-black btn-big  \">Vizyon & Misyon<\/a>\n\t    \n[vc_empty_space height=&#8221;16px&#8221;]\t\t\t\n\t<!-- Element: OT Button --> \n\t\t\t<a href=\"http:\/\/group.escem.com.tr\/index.php\/uygunluk-beyani\/\" target=\"_self\" class=\"btn btn-line-black btn-big  \">Uygunluk Beyan\u0131<\/a>\n\t    \n[vc_empty_space height=&#8221;16px&#8221;]\t\t\t\n\t<!-- Element: OT Button --> \n\t\t\t<a href=\"http:\/\/group.escem.com.tr\/index.php\/belgelerimiz\/\" target=\"_self\" class=\"btn btn-line-black btn-big  \">Belgelerimiz<\/a>\n\t    \n[vc_empty_space height=&#8221;16px&#8221;]\t\t\t\n\t<!-- Element: OT Button --> \n\t\t\t<a href=\"http:\/\/group.escem.com.tr\/index.php\/laboratuvar-kapsami\/\" target=\"_self\" class=\"btn btn-line-black btn-big  \">Laboratuvar Kapsam\u0131<\/a>\n\t    \n[vc_empty_space height=&#8221;16px&#8221;]\t\t\t\n\t<!-- Element: OT Button --> \n\t\t\t<a href=\"http:\/\/group.escem.com.tr\/index.php\/katalogumuz\/\" target=\"_self\" class=\"btn btn-line-black btn-big  \">Katalo\u011fumuz<\/a>\n\t    \n[vc_empty_space height=&#8221;16px&#8221;]\t\t\t\n\t<!-- Element: OT Button --> \n\t\t\t<a href=\"http:\/\/group.escem.com.tr\/index.php\/sirket-ve-banka-bilgilerimiz\/\" target=\"_self\" class=\"btn btn-line-black btn-big  \">\u015eirket ve Banka Bilgilerimiz<\/a>\n\t    \n[vc_empty_space height=&#8221;16px&#8221;]\t\t\t\n\t<!-- Element: OT Button --> \n\t\t\t<a href=\"http:\/\/group.escem.com.tr\/index.php\/sik-sorulan-sorular\/\" target=\"_self\" class=\"btn btn-line-black btn-big  \">S\u0131k Sorulan Sorular<\/a>\n\t    \n[\/vc_column][\/vc_row][vc_row][vc_column][\/vc_column][\/vc_row]<\/p>\n<\/div>","protected":false},"excerpt":{"rendered":"<p>[vc_row][vc_column width=&#8221;2\/3&#8243;][vc_row_inner][vc_column_inner][vc_images_carousel images=&#8221;1588,1590,1589&#8243; img_size=&#8221;600&#215;360&#8243; mode=&#8221;vertical&#8221; speed=&#8221;4000&#8243; autoplay=&#8221;yes&#8221; css=&#8221;&#8221;][\/vc_column_inner][\/vc_row_inner][vc_column_text css=&#8221;&#8221;]ES\u00c7EM, 2002 y\u0131l\u0131ndan beri sanayi kurulu\u015flar\u0131n\u0131n enerji verimlili\u011fini art\u0131rmak, enerji maliyetlerini d\u00fc\u015f\u00fcrmek ve \u00e7evresel etkilerini minimize etmek i\u00e7in kapsaml\u0131 \u00e7\u00f6z\u00fcmler sunmaktad\u0131r. Sadece anl\u0131k problemlerinize \u00e7\u00f6z\u00fcm \u00fcretmekle kalmay\u0131p, uzun vadeli ve s\u00fcrd\u00fcr\u00fclebilir \u00e7\u00f6z\u00fcmler sunmay\u0131 ilke edindik. Bu sayede, enerji ve \u00e7evre maliyetlerinizi d\u00fc\u015f\u00fcrmenize ve \u00e7evreye olan duyarl\u0131l\u0131\u011f\u0131n\u0131z\u0131 art\u0131rman\u0131za [&hellip;]<\/p>\n","protected":false},"author":1,"featured_media":0,"parent":0,"menu_order":0,"comment_status":"closed","ping_status":"closed","template":"page-templates\/template-fullwidth.php","meta":{"footnotes":""},"class_list":["post-1328","page","type-page","status-publish","hentry"],"_links":{"self":[{"href":"http:\/\/group.escem.com.tr\/index.php\/wp-json\/wp\/v2\/pages\/1328","targetHints":{"allow":["GET"]}}],"collection":[{"href":"http:\/\/group.escem.com.tr\/index.php\/wp-json\/wp\/v2\/pages"}],"about":[{"href":"http:\/\/group.escem.com.tr\/index.php\/wp-json\/wp\/v2\/types\/page"}],"author":[{"embeddable":true,"href":"http:\/\/group.escem.com.tr\/index.php\/wp-json\/wp\/v2\/users\/1"}],"replies":[{"embeddable":true,"href":"http:\/\/group.escem.com.tr\/index.php\/wp-json\/wp\/v2\/comments?post=1328"}],"version-history":[{"count":56,"href":"http:\/\/group.escem.com.tr\/index.php\/wp-json\/wp\/v2\/pages\/1328\/revisions"}],"predecessor-version":[{"id":1602,"href":"http:\/\/group.escem.com.tr\/index.php\/wp-json\/wp\/v2\/pages\/1328\/revisions\/1602"}],"wp:attachment":[{"href":"http:\/\/group.escem.com.tr\/index.php\/wp-json\/wp\/v2\/media?parent=1328"}],"curies":[{"name":"wp","href":"https:\/\/api.w.org\/{rel}","templated":true}]}}