{"id":1430,"date":"2024-07-04T16:53:47","date_gmt":"2024-07-04T13:53:47","guid":{"rendered":"http:\/\/group.escem.com.tr\/?page_id=1430"},"modified":"2024-07-04T22:04:39","modified_gmt":"2024-07-04T19:04:39","slug":"vizyon-misyon","status":"publish","type":"page","link":"http:\/\/group.escem.com.tr\/index.php\/vizyon-misyon\/","title":{"rendered":"Vizyon &#038; Misyon"},"content":{"rendered":"<div class=\"wpb-content-wrapper\"><p>[vc_row][vc_column width=&#8221;2\/3&#8243;]\n\t<!-- Element: OT Heading --> \t \n\t<h3 class=\"ot_custom_heading  \" style=\"\" >Vizyonumuz:<\/h3>\t\n[vc_column_text css=&#8221;&#8221;]<\/p>\n<ul>\n<li data-sourcepos=\"5:1-5:34\">Sanayi sekt\u00f6r\u00fcnde enerji verimlili\u011fi art\u0131rarak ve s\u00fcrd\u00fcr\u00fclebilirlik alan\u0131nda lider bir kurulu\u015f olmak.<\/li>\n<li data-sourcepos=\"6:1-6:39\">M\u00fc\u015fterilerimizin enerji maliyetlerini azaltmak ve \u00e7evresel etkilerini minimize etmek.<\/li>\n<li data-sourcepos=\"7:1-7:34\">Sekt\u00f6re \u00f6nc\u00fcl\u00fck ederek, T\u00fcrkiye&#8217;nin ve d\u00fcnyan\u0131n s\u00fcrd\u00fcr\u00fclebilir bir gelece\u011fe ge\u00e7i\u015fine katk\u0131da bulunmak.<\/li>\n<\/ul>\n<p>[\/vc_column_text]\n\t<!-- Element: OT Heading --> \t \n\t<h3 class=\"ot_custom_heading  \" style=\"\" >Misyonumuz:<\/h3>\t\n[vc_column_text css=&#8221;&#8221;]<\/p>\n<ul>\n<li data-sourcepos=\"11:1-11:23\">Sanayi kurulu\u015flar\u0131na, \u00f6zel sekt\u00f6re ve kamu kurumlar\u0131na, enerji verimlili\u011fi, at\u0131k y\u00f6netimi, laboratuvar hizmetleri, kurulum ve e\u011fitim, enerji sistemleri ve \u00e7evre et\u00fctleri, \u00e7evre \u00f6l\u00e7\u00fcm ve analizleri gibi konularda kapsaml\u0131 ve yenilik\u00e7i \u00e7\u00f6z\u00fcmler sunmak.<\/li>\n<li data-sourcepos=\"12:1-12:107\">Deneyimli ve uzman kadromuz ve geli\u015fmi\u015f altyap\u0131m\u0131z ile, m\u00fc\u015fterilerimize en y\u00fcksek kalitede hizmet sunmak.<\/li>\n<li data-sourcepos=\"13:1-13:109\">S\u00fcrekli ara\u015ft\u0131rma ve geli\u015ftirme faaliyetleri ile, sekt\u00f6rdeki en son teknolojileri takip etmek ve uygulamak.<\/li>\n<li data-sourcepos=\"14:1-14:79\">\u00c7evreye duyarl\u0131 bir yakla\u015f\u0131mla, s\u00fcrd\u00fcr\u00fclebilir bir gelece\u011fe katk\u0131da bulunmak.<\/li>\n<li data-sourcepos=\"15:1-16:0\">M\u00fc\u015fterilerimizle uzun vadeli ve g\u00fcvene dayal\u0131 ili\u015fkiler kurmak.<\/li>\n<\/ul>\n<p>[\/vc_column_text]\n\t<!-- Element: OT Heading --> \t \n\t<h3 class=\"ot_custom_heading  \" style=\"\" >De\u011ferlerimiz:<\/h3>\t\n[vc_column_text css=&#8221;&#8221;]<strong>M\u00fc\u015fteri Odakl\u0131l\u0131k:<\/strong> Her zaman m\u00fc\u015fterilerimizin ihtiya\u00e7lar\u0131n\u0131 ve beklentilerini \u00f6n planda tutmak.<\/p>\n<p><strong>S\u00fcrd\u00fcr\u00fclebilirlik:<\/strong> \u00c7evreye ve gelecek nesillere duyarl\u0131 bir \u015fekilde faaliyet g\u00f6stermek.<\/p>\n<p><strong>Yenilik\u00e7ilik:<\/strong> S\u00fcrekli ara\u015ft\u0131rma ve geli\u015ftirme ile sekt\u00f6re \u00f6nc\u00fcl\u00fck etmek.<\/p>\n<p><strong>M\u00fckemmellik:<\/strong> Her alanda en y\u00fcksek kalitede hizmet sunmak.<\/p>\n<p><strong>G\u00fcvenilirlik:<\/strong> M\u00fc\u015fterilerimize ve payda\u015flar\u0131m\u0131za g\u00fcvenilir bir i\u015f orta\u011f\u0131 olmak.<\/p>\n<p><strong>Ekip \u00c7al\u0131\u015fmas\u0131:<\/strong> Ortak bir hedefe ula\u015fmak i\u00e7in birlikte \u00e7al\u0131\u015fmak.[\/vc_column_text][vc_column_text css=&#8221;&#8221;]<\/p>\n<ul>\n<li data-sourcepos=\"19:1-19:101\">\n<div class=\"response-container ng-tns-c1099875511-67 ng-star-inserted response-container-has-multiple-responses\">\n<div class=\"presented-response-container ng-tns-c1099875511-67\">\n<div class=\"response-container-content ng-tns-c1099875511-67\">\n<div class=\"response-content ng-tns-c1099875511-67\">\n<div class=\"markdown markdown-main-panel\" dir=\"ltr\">\n<p data-sourcepos=\"26:1-26:84\"><strong>ES\u00c7EM ile \u00e7al\u0131\u015farak, siz de daha s\u00fcrd\u00fcr\u00fclebilir bir gelece\u011fe ad\u0131m atabilirsiniz.<\/strong><\/p>\n<\/div>\n<\/div>\n<\/div>\n<\/div>\n<\/div>\n<\/li>\n<\/ul>\n<p>[\/vc_column_text][\/vc_column][vc_column width=&#8221;1\/3&#8243;]\t\t\t\n\t<!-- Element: OT Button --> \n\t\t\t<a href=\"http:\/\/group.escem.com.tr\/index.php\/kurumsal\/\" target=\"_self\" class=\"btn btn-line-black btn-big  \">Hakk\u0131m\u0131zda<\/a>\n\t    \n[vc_empty_space height=&#8221;16px&#8221;]\t\t\t\n\t<!-- Element: OT Button --> \n\t\t\t<a href=\"http:\/\/group.escem.com.tr\/index.php\/uygunluk-beyani\/\" target=\"_self\" class=\"btn btn-line-black btn-big  \">Uygunluk Beyan\u0131<\/a>\n\t    \n[vc_empty_space height=&#8221;16px&#8221;]\t\t\t\n\t<!-- Element: OT Button --> \n\t\t\t<a href=\"http:\/\/group.escem.com.tr\/index.php\/belgelerimiz\/\" target=\"_self\" class=\"btn btn-line-black btn-big  \">Belgelerimiz<\/a>\n\t    \n[vc_empty_space height=&#8221;16px&#8221;]\t\t\t\n\t<!-- Element: OT Button --> \n\t\t\t<a href=\"http:\/\/group.escem.com.tr\/index.php\/laboratuvar-kapsami\/\" target=\"_self\" class=\"btn btn-line-black btn-big  \">Laboratuvar Kapsam\u0131<\/a>\n\t    \n[vc_empty_space height=&#8221;16px&#8221;]\t\t\t\n\t<!-- Element: OT Button --> \n\t\t\t<a href=\"http:\/\/group.escem.com.tr\/index.php\/katalogumuz\/\" target=\"_self\" class=\"btn btn-line-black btn-big  \">Katalo\u011fumuz<\/a>\n\t    \n[vc_empty_space height=&#8221;16px&#8221;]\t\t\t\n\t<!-- Element: OT Button --> \n\t\t\t<a href=\"http:\/\/group.escem.com.tr\/index.php\/sirket-ve-banka-bilgilerimiz\/\" target=\"_self\" class=\"btn btn-line-black btn-big  \">\u015eirket ve Banka Bilgilerimiz<\/a>\n\t    \n[vc_empty_space height=&#8221;16px&#8221;]\t\t\t\n\t<!-- Element: OT Button --> \n\t\t\t<a href=\"http:\/\/group.escem.com.tr\/index.php\/sik-sorulan-sorular\/\" target=\"_self\" class=\"btn btn-line-black btn-big  \">S\u0131k Sorulan Sorular<\/a>\n\t    \n[\/vc_column][\/vc_row][vc_row][vc_column][\/vc_column][\/vc_row]<\/p>\n<\/div>","protected":false},"excerpt":{"rendered":"<p>[vc_row][vc_column width=&#8221;2\/3&#8243;][vc_column_text css=&#8221;&#8221;] Sanayi sekt\u00f6r\u00fcnde enerji verimlili\u011fi art\u0131rarak ve s\u00fcrd\u00fcr\u00fclebilirlik alan\u0131nda lider bir kurulu\u015f olmak. M\u00fc\u015fterilerimizin enerji maliyetlerini azaltmak ve \u00e7evresel etkilerini minimize etmek. Sekt\u00f6re \u00f6nc\u00fcl\u00fck ederek, T\u00fcrkiye&#8217;nin ve d\u00fcnyan\u0131n s\u00fcrd\u00fcr\u00fclebilir bir gelece\u011fe ge\u00e7i\u015fine katk\u0131da bulunmak. [\/vc_column_text][vc_column_text css=&#8221;&#8221;] Sanayi kurulu\u015flar\u0131na, \u00f6zel sekt\u00f6re ve kamu kurumlar\u0131na, enerji verimlili\u011fi, at\u0131k y\u00f6netimi, laboratuvar hizmetleri, kurulum ve e\u011fitim, enerji [&hellip;]<\/p>\n","protected":false},"author":1,"featured_media":0,"parent":0,"menu_order":0,"comment_status":"closed","ping_status":"closed","template":"page-templates\/template-fullwidth.php","meta":{"footnotes":""},"class_list":["post-1430","page","type-page","status-publish","hentry"],"_links":{"self":[{"href":"http:\/\/group.escem.com.tr\/index.php\/wp-json\/wp\/v2\/pages\/1430","targetHints":{"allow":["GET"]}}],"collection":[{"href":"http:\/\/group.escem.com.tr\/index.php\/wp-json\/wp\/v2\/pages"}],"about":[{"href":"http:\/\/group.escem.com.tr\/index.php\/wp-json\/wp\/v2\/types\/page"}],"author":[{"embeddable":true,"href":"http:\/\/group.escem.com.tr\/index.php\/wp-json\/wp\/v2\/users\/1"}],"replies":[{"embeddable":true,"href":"http:\/\/group.escem.com.tr\/index.php\/wp-json\/wp\/v2\/comments?post=1430"}],"version-history":[{"count":12,"href":"http:\/\/group.escem.com.tr\/index.php\/wp-json\/wp\/v2\/pages\/1430\/revisions"}],"predecessor-version":[{"id":1536,"href":"http:\/\/group.escem.com.tr\/index.php\/wp-json\/wp\/v2\/pages\/1430\/revisions\/1536"}],"wp:attachment":[{"href":"http:\/\/group.escem.com.tr\/index.php\/wp-json\/wp\/v2\/media?parent=1430"}],"curies":[{"name":"wp","href":"https:\/\/api.w.org\/{rel}","templated":true}]}}