{"id":1442,"date":"2024-07-04T17:35:39","date_gmt":"2024-07-04T14:35:39","guid":{"rendered":"http:\/\/group.escem.com.tr\/?page_id=1442"},"modified":"2024-07-05T13:13:53","modified_gmt":"2024-07-05T10:13:53","slug":"belgelerimiz","status":"publish","type":"page","link":"http:\/\/group.escem.com.tr\/index.php\/belgelerimiz\/","title":{"rendered":"Belgelerimiz"},"content":{"rendered":"<div class=\"wpb-content-wrapper\"><p>[vc_row][vc_column width=&#8221;2\/3&#8243;][vc_row_inner][vc_column_inner width=&#8221;2\/3&#8243;]\n\t<!-- Element: OT Heading --> \t \n\t<h3 class=\"ot_custom_heading  \" style=\"\" >\u00c7EVRE \u00d6L\u00c7\u00dcM VE ANAL\u0130ZLER\u0130 YETERL\u0130K BELGES\u0130<\/h3>\t\n[vc_empty_space height=&#8221;16px&#8221;]\t\t\t\n\t<!-- Element: OT Button --> \n\t\t\t<a href=\"http:\/\/group.escem.com.tr\/index.php\/cevre-olcum-ve-analizleri-yeterlik-belgesi\/\" target=\"_blank\" class=\"btn btn-line-black btn-big  \">Belgeyi G\u00f6r\u00fcnt\u00fcle<\/a>\n\t    \n[vc_empty_space][vc_separator align=&#8221;align_left&#8221; css=&#8221;&#8221;][\/vc_column_inner][vc_column_inner width=&#8221;1\/3&#8243;][\/vc_column_inner][\/vc_row_inner][vc_row_inner][vc_column_inner width=&#8221;2\/3&#8243;]\n\t<!-- Element: OT Heading --> \t \n\t<h3 class=\"ot_custom_heading  \" style=\"\" >T\u00dcRKAK AKRED\u0130TASYON SERT\u0130F\u0130KASI ve KAPSAMI<\/h3>\t\n[vc_empty_space height=&#8221;16px&#8221;]\t\t\t\n\t<!-- Element: OT Button --> \n\t\t\t<a href=\"http:\/\/group.escem.com.tr\/index.php\/turkak-akreditasyon-sertifikasi-ve-kapsami\/\" target=\"_blank\" class=\"btn btn-line-black btn-big  \">Belgeyi G\u00f6r\u00fcnt\u00fcle<\/a>\n\t    \n[vc_empty_space][vc_separator align=&#8221;align_left&#8221; css=&#8221;&#8221;][\/vc_column_inner][vc_column_inner width=&#8221;1\/3&#8243;][\/vc_column_inner][\/vc_row_inner][vc_row_inner][vc_column_inner width=&#8221;2\/3&#8243;]\n\t<!-- Element: OT Heading --> \t \n\t<h3 class=\"ot_custom_heading  \" style=\"\" >\u00c7SGB \u0130\u015e H\u0130JYEN\u0130 \u00d6L\u00c7\u00dcM, TEST VE ANAL\u0130ZLER YETERL\u0130K BELGES\u0130<\/h3>\t\n[vc_empty_space height=&#8221;16px&#8221;]\t\t\t\n\t<!-- Element: OT Button --> \n\t\t\t<a href=\"http:\/\/group.escem.com.tr\/index.php\/csgb-is-hijyeni-olcum-test-ve-analizler-yeterlik-belgesi\/\" target=\"_blank\" class=\"btn btn-line-black btn-big  \">Belgeyi G\u00f6r\u00fcnt\u00fcle<\/a>\n\t    \n[vc_empty_space][vc_separator align=&#8221;align_left&#8221; css=&#8221;&#8221;][\/vc_column_inner][vc_column_inner width=&#8221;1\/3&#8243;][\/vc_column_inner][\/vc_row_inner][vc_row_inner][vc_column_inner width=&#8221;2\/3&#8243;]\n\t<!-- Element: OT Heading --> \t \n\t<h3 class=\"ot_custom_heading  \" style=\"\" >\u00c7SGB \u0130\u015e H\u0130JYEN\u0130 \u00d6L\u00c7\u00dcM, TEST VE ANAL\u0130ZLER\u0130 BELGES\u0130 PARAMETRE L\u0130STES\u0130<\/h3>\t\n[vc_empty_space height=&#8221;16px&#8221;]\t\t\t\n\t<!-- Element: OT Button --> \n\t\t\t<a href=\"http:\/\/group.escem.com.tr\/index.php\/csgb-is-hijyeni-olcum-test-ve-analizleri-belgesi-parametre-listesi\/\" target=\"_blank\" class=\"btn btn-line-black btn-big  \">Belgeyi G\u00f6r\u00fcnt\u00fcle<\/a>\n\t    \n[vc_empty_space][vc_separator align=&#8221;align_left&#8221; css=&#8221;&#8221;][\/vc_column_inner][vc_column_inner width=&#8221;1\/3&#8243;][\/vc_column_inner][\/vc_row_inner][\/vc_column][vc_column width=&#8221;1\/3&#8243;]\t\t\t\n\t<!-- Element: OT Button --> \n\t\t\t<a href=\"http:\/\/group.escem.com.tr\/index.php\/kurumsal\/\" target=\"_self\" class=\"btn btn-line-black btn-big  \">Hakk\u0131m\u0131zda<\/a>\n\t    \n[vc_empty_space height=&#8221;16px&#8221;]\t\t\t\n\t<!-- Element: OT Button --> \n\t\t\t<a href=\"http:\/\/group.escem.com.tr\/index.php\/vizyon-misyon\/\" target=\"_self\" class=\"btn btn-line-black btn-big  \">Vizyon &amp; Misyon<\/a>\n\t    \n[vc_empty_space height=&#8221;16px&#8221;]\t\t\t\n\t<!-- Element: OT Button --> \n\t\t\t<a href=\"http:\/\/group.escem.com.tr\/index.php\/uygunluk-beyani\/\" target=\"_self\" class=\"btn btn-line-black btn-big  \">Uygunluk Beyan\u0131<\/a>\n\t    \n[vc_empty_space height=&#8221;16px&#8221;]\t\t\t\n\t<!-- Element: OT Button --> \n\t\t\t<a href=\"http:\/\/group.escem.com.tr\/index.php\/laboratuvar-kapsami\/\" target=\"_self\" class=\"btn btn-line-black btn-big  \">Laboratuvar Kapsam\u0131<\/a>\n\t    \n[vc_empty_space height=&#8221;16px&#8221;]\t\t\t\n\t<!-- Element: OT Button --> \n\t\t\t<a href=\"http:\/\/group.escem.com.tr\/index.php\/katalogumuz\/\" target=\"_self\" class=\"btn btn-line-black btn-big  \">Katalo\u011fumuz<\/a>\n\t    \n[vc_empty_space height=&#8221;16px&#8221;]\t\t\t\n\t<!-- Element: OT Button --> \n\t\t\t<a href=\"http:\/\/group.escem.com.tr\/index.php\/sirket-ve-banka-bilgilerimiz\/\" target=\"_self\" class=\"btn btn-line-black btn-big  \">\u015eirket ve Banka Bilgilerimiz<\/a>\n\t    \n[vc_empty_space height=&#8221;16px&#8221;]\t\t\t\n\t<!-- Element: OT Button --> \n\t\t\t<a href=\"http:\/\/group.escem.com.tr\/index.php\/sik-sorulan-sorular\/\" target=\"_self\" class=\"btn btn-line-black btn-big  \">S\u0131k Sorulan Sorular<\/a>\n\t    \n[\/vc_column][\/vc_row][vc_row][vc_column][\/vc_column][\/vc_row]<\/p>\n<\/div>","protected":false},"excerpt":{"rendered":"<p>[vc_row][vc_column width=&#8221;2\/3&#8243;][vc_row_inner][vc_column_inner width=&#8221;2\/3&#8243;][vc_empty_space height=&#8221;16px&#8221;][vc_empty_space][vc_separator align=&#8221;align_left&#8221; css=&#8221;&#8221;][\/vc_column_inner][vc_column_inner width=&#8221;1\/3&#8243;][\/vc_column_inner][\/vc_row_inner][vc_row_inner][vc_column_inner width=&#8221;2\/3&#8243;][vc_empty_space height=&#8221;16px&#8221;][vc_empty_space][vc_separator align=&#8221;align_left&#8221; css=&#8221;&#8221;][\/vc_column_inner][vc_column_inner width=&#8221;1\/3&#8243;][\/vc_column_inner][\/vc_row_inner][vc_row_inner][vc_column_inner width=&#8221;2\/3&#8243;][vc_empty_space height=&#8221;16px&#8221;][vc_empty_space][vc_separator align=&#8221;align_left&#8221; css=&#8221;&#8221;][\/vc_column_inner][vc_column_inner width=&#8221;1\/3&#8243;][\/vc_column_inner][\/vc_row_inner][vc_row_inner][vc_column_inner width=&#8221;2\/3&#8243;][vc_empty_space height=&#8221;16px&#8221;][vc_empty_space][vc_separator align=&#8221;align_left&#8221; css=&#8221;&#8221;][\/vc_column_inner][vc_column_inner width=&#8221;1\/3&#8243;][\/vc_column_inner][\/vc_row_inner][\/vc_column][vc_column width=&#8221;1\/3&#8243;][vc_empty_space height=&#8221;16px&#8221;][vc_empty_space height=&#8221;16px&#8221;][vc_empty_space height=&#8221;16px&#8221;][vc_empty_space height=&#8221;16px&#8221;][vc_empty_space height=&#8221;16px&#8221;][vc_empty_space height=&#8221;16px&#8221;][\/vc_column][\/vc_row][vc_row][vc_column][\/vc_column][\/vc_row]<\/p>\n","protected":false},"author":1,"featured_media":0,"parent":0,"menu_order":0,"comment_status":"closed","ping_status":"closed","template":"page-templates\/template-fullwidth.php","meta":{"footnotes":""},"class_list":["post-1442","page","type-page","status-publish","hentry"],"_links":{"self":[{"href":"http:\/\/group.escem.com.tr\/index.php\/wp-json\/wp\/v2\/pages\/1442","targetHints":{"allow":["GET"]}}],"collection":[{"href":"http:\/\/group.escem.com.tr\/index.php\/wp-json\/wp\/v2\/pages"}],"about":[{"href":"http:\/\/group.escem.com.tr\/index.php\/wp-json\/wp\/v2\/types\/page"}],"author":[{"embeddable":true,"href":"http:\/\/group.escem.com.tr\/index.php\/wp-json\/wp\/v2\/users\/1"}],"replies":[{"embeddable":true,"href":"http:\/\/group.escem.com.tr\/index.php\/wp-json\/wp\/v2\/comments?post=1442"}],"version-history":[{"count":27,"href":"http:\/\/group.escem.com.tr\/index.php\/wp-json\/wp\/v2\/pages\/1442\/revisions"}],"predecessor-version":[{"id":1574,"href":"http:\/\/group.escem.com.tr\/index.php\/wp-json\/wp\/v2\/pages\/1442\/revisions\/1574"}],"wp:attachment":[{"href":"http:\/\/group.escem.com.tr\/index.php\/wp-json\/wp\/v2\/media?parent=1442"}],"curies":[{"name":"wp","href":"https:\/\/api.w.org\/{rel}","templated":true}]}}