{"id":1466,"date":"2024-07-04T18:00:56","date_gmt":"2024-07-04T15:00:56","guid":{"rendered":"http:\/\/group.escem.com.tr\/?page_id=1466"},"modified":"2024-07-04T18:00:56","modified_gmt":"2024-07-04T15:00:56","slug":"turkak-akreditasyon-sertifikasi-ve-kapsami","status":"publish","type":"page","link":"http:\/\/group.escem.com.tr\/index.php\/turkak-akreditasyon-sertifikasi-ve-kapsami\/","title":{"rendered":"T\u00dcRKAK AKRED\u0130TASYON SERT\u0130F\u0130KASI ve KAPSAMI"},"content":{"rendered":"<div class=\"wpb-content-wrapper\"><p>[vc_row][vc_column][vc_raw_html css=&#8221;&#8221;]JTNDaWZyYW1lJTIwc3JjJTNEJTIyaHR0cCUzQSUyRiUyRmdyb3VwLmVzY2VtLmNvbS50ciUyRndwLWNvbnRlbnQlMkZ1cGxvYWRzJTJGMjAyNCUyRjA3JTJGVHVya2FrLUthcHNhbS0yOC4xMS4yMDIzLnBkZiUyMiUyMHdpZHRoJTNEJTIyMTQwMCUyMiUyMGhlaWdodCUzRCUyMjIwMDAlMjIlMjBmcmFtZWJvcmRlciUzRCUyMjAlMjIlMjBtYXJnaW5oZWlnaHQlM0QlMjIwJTIyJTIwbWFyZ2lud2lkdGglM0QlMjIwJTIyJTNFWSVDMyVCQ2tsZW5peW9yJUUyJTgwJUE2JTNDJTJGaWZyYW1lJTNF[\/vc_raw_html][\/vc_column][\/vc_row]<\/p>\n<\/div>","protected":false},"excerpt":{"rendered":"<p>[vc_row][vc_column][vc_raw_html css=&#8221;&#8221;]JTNDaWZyYW1lJTIwc3JjJTNEJTIyaHR0cCUzQSUyRiUyRmdyb3VwLmVzY2VtLmNvbS50ciUyRndwLWNvbnRlbnQlMkZ1cGxvYWRzJTJGMjAyNCUyRjA3JTJGVHVya2FrLUthcHNhbS0yOC4xMS4yMDIzLnBkZiUyMiUyMHdpZHRoJTNEJTIyMTQwMCUyMiUyMGhlaWdodCUzRCUyMjIwMDAlMjIlMjBmcmFtZWJvcmRlciUzRCUyMjAlMjIlMjBtYXJnaW5oZWlnaHQlM0QlMjIwJTIyJTIwbWFyZ2lud2lkdGglM0QlMjIwJTIyJTNFWSVDMyVCQ2tsZW5peW9yJUUyJTgwJUE2JTNDJTJGaWZyYW1lJTNF[\/vc_raw_html][\/vc_column][\/vc_row]<\/p>\n","protected":false},"author":1,"featured_media":0,"parent":0,"menu_order":0,"comment_status":"closed","ping_status":"closed","template":"page-templates\/template-fullwidth.php","meta":{"footnotes":""},"class_list":["post-1466","page","type-page","status-publish","hentry"],"_links":{"self":[{"href":"http:\/\/group.escem.com.tr\/index.php\/wp-json\/wp\/v2\/pages\/1466","targetHints":{"allow":["GET"]}}],"collection":[{"href":"http:\/\/group.escem.com.tr\/index.php\/wp-json\/wp\/v2\/pages"}],"about":[{"href":"http:\/\/group.escem.com.tr\/index.php\/wp-json\/wp\/v2\/types\/page"}],"author":[{"embeddable":true,"href":"http:\/\/group.escem.com.tr\/index.php\/wp-json\/wp\/v2\/users\/1"}],"replies":[{"embeddable":true,"href":"http:\/\/group.escem.com.tr\/index.php\/wp-json\/wp\/v2\/comments?post=1466"}],"version-history":[{"count":1,"href":"http:\/\/group.escem.com.tr\/index.php\/wp-json\/wp\/v2\/pages\/1466\/revisions"}],"predecessor-version":[{"id":1468,"href":"http:\/\/group.escem.com.tr\/index.php\/wp-json\/wp\/v2\/pages\/1466\/revisions\/1468"}],"wp:attachment":[{"href":"http:\/\/group.escem.com.tr\/index.php\/wp-json\/wp\/v2\/media?parent=1466"}],"curies":[{"name":"wp","href":"https:\/\/api.w.org\/{rel}","templated":true}]}}