{"id":1504,"date":"2024-07-04T20:48:53","date_gmt":"2024-07-04T17:48:53","guid":{"rendered":"http:\/\/group.escem.com.tr\/?page_id=1504"},"modified":"2024-07-04T22:11:49","modified_gmt":"2024-07-04T19:11:49","slug":"uygunluk-beyani","status":"publish","type":"page","link":"http:\/\/group.escem.com.tr\/index.php\/uygunluk-beyani\/","title":{"rendered":"Uygunluk Beyan\u0131"},"content":{"rendered":"<div class=\"wpb-content-wrapper\"><p>[vc_row][vc_column width=&#8221;2\/3&#8243;]\n\t<!-- Element: OT Heading --> \t \n\t<h3 class=\"ot_custom_heading  \" style=\"\" >Uygunluk Beyan\u0131<\/h3>\t\n[vc_column_text css=&#8221;&#8221;]<strong>Karar Kural\u0131:\u00a0<\/strong>Belirlenmi\u015f\u00a0\u00a0 bir\u00a0\u00a0 spesifikasyona\/\u015fartnameye\/mevzuata\u00a0\u00a0 uygunlu\u011fu\u00a0\u00a0 belirtirken, \u00f6l\u00e7\u00fcm belirsizli\u011finin nas\u0131l hesaba kat\u0131laca\u011f\u0131n\u0131 a\u00e7\u0131klayan kurald\u0131r (ISO \/ IEC\u00a0 17025: 2017 madde 3.7).<\/p>\n<p>&nbsp;<\/p>\n<p>Laboratuvar\u0131m\u0131zda uygunluk beyanlar\u0131 i\u00e7in kullan\u0131lan karar kural\u0131 i\u00e7in ILAC-G8:09\/2019 ve T\u00dcRKAK Karar Kural\u0131 Klavuzu referans olarak kullan\u0131lm\u0131\u015ft\u0131r.\u00a0<em>Laboratuvar\u0131m\u0131z, ILAC-G8:09\/2019 d\u00f6k\u00fcman\u0131nda belirtilen madde 4.2.1 Basit Kabul Kural\u0131na y\u00f6nelik \u0130kili Beyan (<\/em><em>????<\/em><em>\u00a0= 0) esas alarak karar kural\u0131n\u0131 uygulamaktad\u0131r.<\/em>\u00a0\u00a0Uygunluk beyan\u0131nda kullan\u0131lacak karar kural\u0131 a\u015fa\u011f\u0131daki gibidir[\/vc_column_text][vc_single_image image=&#8221;1507&#8243; img_size=&#8221;full&#8221; css=&#8221;&#8221;][vc_column_text css=&#8221;&#8221;]<strong>Durum 1:<\/strong><\/p>\n<p>E\u011fer \u00f6l\u00e7\u00fclen de\u011fer, \u00fcst s\u0131n\u0131r de\u011ferin alt\u0131nda veya alt s\u0131n\u0131r de\u011ferin \u00fcst\u00fcnde kal\u0131yorsa ve \u00f6l\u00e7\u00fclen de\u011fere belirsizli\u011fin yar\u0131s\u0131 kadar bir de\u011fer eklendi\u011finde s\u0131n\u0131r\u0131 ge\u00e7miyorsa bu de\u011fer \u201cUygun\u201d olarak de\u011ferlendirilir. Raporlara a\u00e7\u0131klama olarak \u015fu ibare eklenir; \u2018\u00d6l\u00e7\u00fcm sonucu \u2018Uygundur\u2019. %95 g\u00fcven aral\u0131\u011f\u0131nda \u00f6l\u00e7\u00fcm belirsizli\u011finin yar\u0131s\u0131 hesaba kat\u0131ld\u0131\u011f\u0131nda \u00f6l\u00e7\u00fcm sonucu s\u0131n\u0131r de\u011feri a\u015fmamaktad\u0131r.\u2019<\/p>\n<p><strong>Durum 2:<\/strong><\/p>\n<p>E\u011fer \u00f6l\u00e7\u00fclen de\u011fer \u00fcst s\u0131n\u0131r de\u011ferin alt\u0131nda veya alt s\u0131n\u0131r de\u011ferin \u00fcst\u00fcnde kal\u0131yorsa ve \u00f6l\u00e7\u00fclen de\u011fere belirsizli\u011fin yar\u0131s\u0131 kadar bir de\u011fer eklendi\u011finde s\u0131n\u0131r de\u011feri a\u015f\u0131yorsa %95 g\u00fcven aral\u0131\u011f\u0131nda uygunluk belirtmek m\u00fcmk\u00fcn de\u011fildir.\u00a0 Raporlara a\u00e7\u0131klama olarak \u015fu ibare eklenir; \u2018\u00d6l\u00e7\u00fcm sonucu uygundur ancak %95 g\u00fcven aral\u0131\u011f\u0131nda \u00f6l\u00e7\u00fcm belirsizli\u011finin yar\u0131s\u0131 hesaba kat\u0131ld\u0131\u011f\u0131nda \u00f6l\u00e7\u00fcm sonucu s\u0131n\u0131r de\u011feri a\u015fmaktad\u0131r. Uygunluk Yetkili merci taraf\u0131ndan de\u011ferlendirilmelidir.\u201d<\/p>\n<p><strong>Durum 3:<\/strong><\/p>\n<p>E\u011fer \u00f6l\u00e7\u00fclen de\u011fer \u00fcst s\u0131n\u0131r veya alt s\u0131n\u0131r de\u011ferine e\u015fitse ve \u00f6l\u00e7\u00fclen de\u011fere belirsizli\u011fin yar\u0131s\u0131 kadar bir de\u011fer eklendi\u011finde s\u0131n\u0131r de\u011feri a\u015f\u0131yorsa herhangi bir g\u00fcven aral\u0131\u011f\u0131nda uygunluk veya uymazl\u0131k belirtmek m\u00fcmk\u00fcn de\u011fildir. Bununla birlikte g\u00fcvenirlik seviyesine bakmaks\u0131z\u0131n bir karar vermek zorunlu ise;<\/p>\n<ol>\n<li>E\u011fer s\u0131n\u0131r\u00a0\u00a0 \u201c\u2264\u201d veya \u2018\u2019 \u2265\u2019\u2019 olarak\u00a0\u00a0 tan\u0131mlanm\u0131\u015f\u00a0\u00a0 ve\u00a0\u00a0 sonu\u00e7\u00a0\u00a0 s\u0131n\u0131ra\u00a0\u00a0 e\u015fitse, uygunluk\u00a0\u00a0 belirtmek m\u00fcmk\u00fcnd\u00fcr.\u00a0\u00a0 Bu\u00a0\u00a0 durumda\u00a0\u00a0 rapor\u00a0\u00a0 a\u00e7\u0131klamas\u0131na\u00a0\u00a0 \u015fu\u00a0\u00a0 ibare eklenir; \u2018\u00d6l\u00e7\u00fcm\u00a0\u00a0 sonucu uygundur ancak %95 g\u00fcven aral\u0131\u011f\u0131nda \u00f6l\u00e7\u00fcm belirsizli\u011finin yar\u0131s\u0131 hesaba kat\u0131ld\u0131\u011f\u0131nda \u00f6l\u00e7\u00fcm\u00a0\u00a0\u00a0 sonucu\u00a0\u00a0\u00a0 s\u0131n\u0131r\u00a0\u00a0\u00a0 de\u011feri\u00a0\u00a0\u00a0 a\u015fmaktad\u0131r.\u00a0\u00a0\u00a0 Uygunluk\u00a0\u00a0\u00a0 Yetkili\u00a0\u00a0\u00a0 merci\u00a0\u00a0\u00a0 taraf\u0131ndan de\u011ferlendirilmelidir.\u201d<\/li>\n<li>E\u011fer s\u0131n\u0131r\u00a0\u00a0 \u201c&lt;\u201d\u00a0 veya \u2018\u2019&gt;\u2019\u2019 olarak\u00a0\u00a0 tan\u0131mlanm\u0131\u015f\u00a0\u00a0 ve\u00a0\u00a0 sonu\u00e7\u00a0\u00a0 s\u0131n\u0131ra\u00a0\u00a0 e\u015fitse,\u00a0\u00a0 uymazl\u0131k\u00a0\u00a0 belirtmek m\u00fcmk\u00fcnd\u00fcr. Bu durumda rapor a\u00e7\u0131klamas\u0131na \u015fu ibare eklenir;\u2018\u00d6l\u00e7\u00fcm sonucu uygun de\u011fildir.\u00a0 %95 g\u00fcven aral\u0131\u011f\u0131nda \u00f6l\u00e7\u00fcm belirsizli\u011finin yar\u0131s\u0131 hesaba kat\u0131ld\u0131\u011f\u0131nda \u00f6l\u00e7\u00fcm sonucu s\u0131n\u0131r de\u011feri a\u015fmaktad\u0131r.\u2019<\/li>\n<\/ol>\n<p><strong>Durum 4:<\/strong><\/p>\n<p>E\u011fer \u00f6l\u00e7\u00fclen de\u011fer \u00fcst s\u0131n\u0131r de\u011ferinin \u00fcst\u00fcnde veya alt s\u0131n\u0131r de\u011ferin alt\u0131nda kal\u0131yorsa ve \u00f6l\u00e7\u00fclen de\u011ferden belirsizli\u011fin yar\u0131s\u0131 kadar bir de\u011fer \u00e7\u0131kar\u0131ld\u0131\u011f\u0131nda s\u0131n\u0131r de\u011feri a\u015fm\u0131yorsa %95 g\u00fcven aral\u0131\u011f\u0131nda uymazl\u0131k belirtmek m\u00fcmk\u00fcn de\u011fildir.\u00a0 Raporlara a\u00e7\u0131klama olarak \u015fu ibare eklenir; \u2018\u00d6l\u00e7\u00fcm sonucu\u00a0\u00a0 uygun\u00a0\u00a0 de\u011fildir ancak %95\u00a0\u00a0 g\u00fcven aral\u0131\u011f\u0131nda \u00f6l\u00e7\u00fcm sonucundan \u00f6l\u00e7\u00fcm belirsizli\u011fi de\u011ferinin yar\u0131s\u0131 \u00e7\u0131kar\u0131ld\u0131\u011f\u0131nda \u00f6l\u00e7\u00fcm sonucu s\u0131n\u0131r de\u011feri a\u015fmamaktad\u0131r.\u00a0 Uygunluk Yetkili merci taraf\u0131ndan de\u011ferlendirilmelidir.\u2019<\/p>\n<p><strong>Durum 5:<\/strong><\/p>\n<p>E\u011fer \u00f6l\u00e7\u00fclen de\u011fer \u00fcst s\u0131n\u0131r de\u011ferin \u00fcst\u00fcnde veya alt s\u0131n\u0131r de\u011ferin alt\u0131nda kal\u0131yorsa ve \u00f6l\u00e7\u00fclen de\u011ferden belirsizli\u011fin yar\u0131s\u0131 kadar bir de\u011fer \u00e7\u0131kar\u0131ld\u0131\u011f\u0131nda s\u0131n\u0131r de\u011feri a\u015f\u0131yorsa bu de\u011fer i\u00e7in \u201cUygun De\u011fildir\u201d olarak de\u011ferlendirilir.\u00a0 Raporlara a\u00e7\u0131klama olarak \u015fu ibare eklenir; \u2018\u00d6l\u00e7\u00fcm sonucu Uygun De\u011fildir.\u00a0 %95 g\u00fcven aral\u0131\u011f\u0131nda \u00f6l\u00e7\u00fcm sonucundan \u00f6l\u00e7\u00fcm belirsizli\u011finin yar\u0131s\u0131 \u00e7\u0131kar\u0131ld\u0131\u011f\u0131nda s\u0131n\u0131r de\u011feri a\u015fmaktad\u0131r.\u2019[\/vc_column_text][\/vc_column][vc_column width=&#8221;1\/3&#8243;][vc_empty_space]\t\t\t\n\t<!-- Element: OT Button --> \n\t\t\t<a href=\"http:\/\/group.escem.com.tr\/index.php\/kurumsal\/\" target=\"_self\" class=\"btn btn-line-black btn-big  \">Hakk\u0131m\u0131zda<\/a>\n\t    \n[vc_empty_space height=&#8221;16px&#8221;]\t\t\t\n\t<!-- Element: OT Button --> \n\t\t\t<a href=\"http:\/\/group.escem.com.tr\/index.php\/vizyon-misyon\/\" target=\"_self\" class=\"btn btn-line-black btn-big  \">Vizyon & Misyon<\/a>\n\t    \n[vc_empty_space height=&#8221;16px&#8221;]\t\t\t\n\t<!-- Element: OT Button --> \n\t\t\t<a href=\"http:\/\/group.escem.com.tr\/index.php\/belgelerimiz\/\" target=\"_self\" class=\"btn btn-line-black btn-big  \">Belgelerimiz<\/a>\n\t    \n[vc_empty_space height=&#8221;16px&#8221;]\t\t\t\n\t<!-- Element: OT Button --> \n\t\t\t<a href=\"http:\/\/group.escem.com.tr\/index.php\/laboratuvar-kapsami\/\" target=\"_self\" class=\"btn btn-line-black btn-big  \">Laboratuvar Kapsam\u0131<\/a>\n\t    \n[vc_empty_space height=&#8221;16px&#8221;]\t\t\t\n\t<!-- Element: OT Button --> \n\t\t\t<a href=\"http:\/\/group.escem.com.tr\/index.php\/katalogumuz\/\" target=\"_self\" class=\"btn btn-line-black btn-big  \">Katalo\u011fumuz<\/a>\n\t    \n[vc_empty_space height=&#8221;16px&#8221;]\t\t\t\n\t<!-- Element: OT Button --> \n\t\t\t<a href=\"http:\/\/group.escem.com.tr\/index.php\/sirket-ve-banka-bilgilerimiz\/\" target=\"_self\" class=\"btn btn-line-black btn-big  \">\u015eirket ve Banka Bilgilerimiz<\/a>\n\t    \n[vc_empty_space height=&#8221;16px&#8221;]\t\t\t\n\t<!-- Element: OT Button --> \n\t\t\t<a href=\"http:\/\/group.escem.com.tr\/index.php\/sik-sorulan-sorular\/\" target=\"_self\" class=\"btn btn-line-black btn-big  \">S\u0131k Sorulan Sorular<\/a>\n\t    \n[\/vc_column][\/vc_row][vc_row][vc_column][\/vc_column][\/vc_row]<\/p>\n<\/div>","protected":false},"excerpt":{"rendered":"<p>[vc_row][vc_column width=&#8221;2\/3&#8243;][vc_column_text css=&#8221;&#8221;]Karar Kural\u0131:\u00a0Belirlenmi\u015f\u00a0\u00a0 bir\u00a0\u00a0 spesifikasyona\/\u015fartnameye\/mevzuata\u00a0\u00a0 uygunlu\u011fu\u00a0\u00a0 belirtirken, \u00f6l\u00e7\u00fcm belirsizli\u011finin nas\u0131l hesaba kat\u0131laca\u011f\u0131n\u0131 a\u00e7\u0131klayan kurald\u0131r (ISO \/ IEC\u00a0 17025: 2017 madde 3.7). &nbsp; Laboratuvar\u0131m\u0131zda uygunluk beyanlar\u0131 i\u00e7in kullan\u0131lan karar kural\u0131 i\u00e7in ILAC-G8:09\/2019 ve T\u00dcRKAK Karar Kural\u0131 Klavuzu referans olarak kullan\u0131lm\u0131\u015ft\u0131r.\u00a0Laboratuvar\u0131m\u0131z, ILAC-G8:09\/2019 d\u00f6k\u00fcman\u0131nda belirtilen madde 4.2.1 Basit Kabul Kural\u0131na y\u00f6nelik \u0130kili Beyan (????\u00a0= 0) esas alarak [&hellip;]<\/p>\n","protected":false},"author":1,"featured_media":0,"parent":0,"menu_order":0,"comment_status":"closed","ping_status":"closed","template":"page-templates\/template-fullwidth.php","meta":{"footnotes":""},"class_list":["post-1504","page","type-page","status-publish","hentry"],"_links":{"self":[{"href":"http:\/\/group.escem.com.tr\/index.php\/wp-json\/wp\/v2\/pages\/1504","targetHints":{"allow":["GET"]}}],"collection":[{"href":"http:\/\/group.escem.com.tr\/index.php\/wp-json\/wp\/v2\/pages"}],"about":[{"href":"http:\/\/group.escem.com.tr\/index.php\/wp-json\/wp\/v2\/types\/page"}],"author":[{"embeddable":true,"href":"http:\/\/group.escem.com.tr\/index.php\/wp-json\/wp\/v2\/users\/1"}],"replies":[{"embeddable":true,"href":"http:\/\/group.escem.com.tr\/index.php\/wp-json\/wp\/v2\/comments?post=1504"}],"version-history":[{"count":6,"href":"http:\/\/group.escem.com.tr\/index.php\/wp-json\/wp\/v2\/pages\/1504\/revisions"}],"predecessor-version":[{"id":1544,"href":"http:\/\/group.escem.com.tr\/index.php\/wp-json\/wp\/v2\/pages\/1504\/revisions\/1544"}],"wp:attachment":[{"href":"http:\/\/group.escem.com.tr\/index.php\/wp-json\/wp\/v2\/media?parent=1504"}],"curies":[{"name":"wp","href":"https:\/\/api.w.org\/{rel}","templated":true}]}}