{"id":1518,"date":"2024-07-04T21:21:05","date_gmt":"2024-07-04T18:21:05","guid":{"rendered":"http:\/\/group.escem.com.tr\/?page_id=1518"},"modified":"2024-07-04T22:13:35","modified_gmt":"2024-07-04T19:13:35","slug":"katalogumuz","status":"publish","type":"page","link":"http:\/\/group.escem.com.tr\/index.php\/katalogumuz\/","title":{"rendered":"Katalo\u011fumuz"},"content":{"rendered":"<div class=\"wpb-content-wrapper\"><p>[vc_row][vc_column width=&#8221;2\/3&#8243;]\n\t<!-- Element: OT Heading --> \t \n\t<h3 class=\"ot_custom_heading  \" style=\"text-align: center;\" >Kataloglar\u0131m\u0131z<\/h3>\t\n[vc_row_inner][vc_column_inner width=&#8221;1\/2&#8243;][vc_btn title=&#8221;ES\u00c7EM BRO\u015e\u00dcR TR&#8221; color=&#8221;green&#8221; css=&#8221;&#8221; link=&#8221;url:http%3A%2F%2Fgroup.escem.com.tr%2Fwp-content%2Fuploads%2F2024%2F07%2FESCEM-Katalog-TR.pdf&#8221;][\/vc_column_inner][vc_column_inner width=&#8221;1\/2&#8243;][vc_btn title=&#8221;ES\u00c7EM BRO\u015e\u00dcR EN&#8221; color=&#8221;green&#8221; css=&#8221;&#8221; link=&#8221;url:http%3A%2F%2Fgroup.escem.com.tr%2Fwp-content%2Fuploads%2F2024%2F07%2FESCEM-Katalog-EN.pdf&#8221;][\/vc_column_inner][\/vc_row_inner][\/vc_column][vc_column width=&#8221;1\/3&#8243;][vc_empty_space]\t\t\t\n\t<!-- Element: OT Button --> \n\t\t\t<a href=\"http:\/\/group.escem.com.tr\/index.php\/kurumsal\/\" target=\"_self\" class=\"btn btn-line-black btn-big  \">Hakk\u0131m\u0131zda<\/a>\n\t    \n[vc_empty_space height=&#8221;16px&#8221;]\t\t\t\n\t<!-- Element: OT Button --> \n\t\t\t<a href=\"http:\/\/group.escem.com.tr\/index.php\/vizyon-misyon\/\" target=\"_self\" class=\"btn btn-line-black btn-big  \">Vizyon & Misyon<\/a>\n\t    \n[vc_empty_space height=&#8221;16px&#8221;]\t\t\t\n\t<!-- Element: OT Button --> \n\t\t\t<a href=\"http:\/\/group.escem.com.tr\/index.php\/uygunluk-beyani\/\" target=\"_self\" class=\"btn btn-line-black btn-big  \">Uygunluk Beyan\u0131<\/a>\n\t    \n[vc_empty_space height=&#8221;16px&#8221;]\t\t\t\n\t<!-- Element: OT Button --> \n\t\t\t<a href=\"http:\/\/group.escem.com.tr\/index.php\/belgelerimiz\/\" target=\"_self\" class=\"btn btn-line-black btn-big  \">Belgelerimiz<\/a>\n\t    \n[vc_empty_space height=&#8221;16px&#8221;]\t\t\t\n\t<!-- Element: OT Button --> \n\t\t\t<a href=\"http:\/\/group.escem.com.tr\/index.php\/laboratuvar-kapsami\/\" target=\"_self\" class=\"btn btn-line-black btn-big  \">Laboratuvar Kapsam\u0131<\/a>\n\t    \n[vc_empty_space height=&#8221;16px&#8221;]\t\t\t\n\t<!-- Element: OT Button --> \n\t\t\t<a href=\"http:\/\/group.escem.com.tr\/index.php\/sirket-ve-banka-bilgilerimiz\/\" target=\"_self\" class=\"btn btn-line-black btn-big  \">\u015eirket ve Banka Bilgilerimiz<\/a>\n\t    \n[vc_empty_space height=&#8221;16px&#8221;]\t\t\t\n\t<!-- Element: OT Button --> \n\t\t\t<a href=\"http:\/\/group.escem.com.tr\/index.php\/sik-sorulan-sorular\/\" target=\"_self\" class=\"btn btn-line-black btn-big  \">S\u0131k Sorulan Sorular<\/a>\n\t    \n[\/vc_column][\/vc_row][vc_row][vc_column][\/vc_column][\/vc_row]<\/p>\n<\/div>","protected":false},"excerpt":{"rendered":"<p>[vc_row][vc_column width=&#8221;2\/3&#8243;][vc_row_inner][vc_column_inner width=&#8221;1\/2&#8243;][vc_btn title=&#8221;ES\u00c7EM BRO\u015e\u00dcR TR&#8221; color=&#8221;green&#8221; css=&#8221;&#8221; link=&#8221;url:http%3A%2F%2Fgroup.escem.com.tr%2Fwp-content%2Fuploads%2F2024%2F07%2FESCEM-Katalog-TR.pdf&#8221;][\/vc_column_inner][vc_column_inner width=&#8221;1\/2&#8243;][vc_btn title=&#8221;ES\u00c7EM BRO\u015e\u00dcR EN&#8221; color=&#8221;green&#8221; css=&#8221;&#8221; link=&#8221;url:http%3A%2F%2Fgroup.escem.com.tr%2Fwp-content%2Fuploads%2F2024%2F07%2FESCEM-Katalog-EN.pdf&#8221;][\/vc_column_inner][\/vc_row_inner][\/vc_column][vc_column width=&#8221;1\/3&#8243;][vc_empty_space][vc_empty_space height=&#8221;16px&#8221;][vc_empty_space height=&#8221;16px&#8221;][vc_empty_space height=&#8221;16px&#8221;][vc_empty_space height=&#8221;16px&#8221;][vc_empty_space height=&#8221;16px&#8221;][vc_empty_space height=&#8221;16px&#8221;][\/vc_column][\/vc_row][vc_row][vc_column][\/vc_column][\/vc_row]<\/p>\n","protected":false},"author":1,"featured_media":0,"parent":0,"menu_order":0,"comment_status":"closed","ping_status":"closed","template":"page-templates\/template-fullwidth.php","meta":{"footnotes":""},"class_list":["post-1518","page","type-page","status-publish","hentry"],"_links":{"self":[{"href":"http:\/\/group.escem.com.tr\/index.php\/wp-json\/wp\/v2\/pages\/1518","targetHints":{"allow":["GET"]}}],"collection":[{"href":"http:\/\/group.escem.com.tr\/index.php\/wp-json\/wp\/v2\/pages"}],"about":[{"href":"http:\/\/group.escem.com.tr\/index.php\/wp-json\/wp\/v2\/types\/page"}],"author":[{"embeddable":true,"href":"http:\/\/group.escem.com.tr\/index.php\/wp-json\/wp\/v2\/users\/1"}],"replies":[{"embeddable":true,"href":"http:\/\/group.escem.com.tr\/index.php\/wp-json\/wp\/v2\/comments?post=1518"}],"version-history":[{"count":4,"href":"http:\/\/group.escem.com.tr\/index.php\/wp-json\/wp\/v2\/pages\/1518\/revisions"}],"predecessor-version":[{"id":1541,"href":"http:\/\/group.escem.com.tr\/index.php\/wp-json\/wp\/v2\/pages\/1518\/revisions\/1541"}],"wp:attachment":[{"href":"http:\/\/group.escem.com.tr\/index.php\/wp-json\/wp\/v2\/media?parent=1518"}],"curies":[{"name":"wp","href":"https:\/\/api.w.org\/{rel}","templated":true}]}}