{"id":1524,"date":"2024-07-04T21:26:04","date_gmt":"2024-07-04T18:26:04","guid":{"rendered":"http:\/\/group.escem.com.tr\/?page_id=1524"},"modified":"2024-07-04T22:09:13","modified_gmt":"2024-07-04T19:09:13","slug":"sirket-ve-banka-bilgilerimiz","status":"publish","type":"page","link":"http:\/\/group.escem.com.tr\/index.php\/sirket-ve-banka-bilgilerimiz\/","title":{"rendered":"\u015eirket ve Banka Bilgilerimiz"},"content":{"rendered":"<div class=\"wpb-content-wrapper\"><p>[vc_row][vc_column width=&#8221;2\/3&#8243;]\n\t<!-- Element: OT Heading --> \t \n\t<h3 class=\"ot_custom_heading  \" style=\"\" >\u015eirket ve Banka Bilgilerimiz<\/h3>\t\n[vc_column_text css=&#8221;&#8221;]<\/p>\n<h3 class=\"vc_custom_heading text-left\">F\u0130RMA B\u0130LG\u0130LER\u0130M\u0130Z<\/h3>\n<div class=\"wpb_text_column wpb_content_element vc_custom_1692645061379\">\n<div class=\"wpb_wrapper\">\n<p><strong>T\u0130CAR\u0130 UNVAN\u00a0<\/strong>ES\u00c7EM ENERJ\u0130 S\u0130STEMLER\u0130 VE \u00c7EVRE ET\u00dcT MERKEZ\u0130 SAN.T\u0130C.A.\u015e.<br \/>\n<strong>ADRES\u00a0<\/strong>Sanayi Mahallesi Morsalk\u0131m Sokak No:24 \u0130zmit\/KOCAEL\u0130<br \/>\n<strong>VERG\u0130 D: \/ VERG\u0130 NO:\u00a0<\/strong>TEPEC\u0130K \/ 377 047 1055<br \/>\n<strong>E-POSTA\u00a0\u00a0<\/strong><a href=\"mailto:muhasebe@escem.com.tr\">muhasebe@escem.com.tr<\/a><br \/>\n<strong>\u0130LG\u0130L\u0130 DEPARTMAN\u00a0<\/strong>Muhasebe<br \/>\n<strong>FAKS\u00a0<\/strong>(0262) 335 40 08<br \/>\n<strong>TELEFON\u00a0<\/strong>(0262) 335 40 20<\/p>\n<p><strong>Kocaeli.Tic.Sic.No:\u00a0<\/strong>14701<\/p>\n<p><strong>Kocaeli .Oda Sic.No:\u00a0<\/strong>486599<\/p>\n<p><strong>\u00a0<\/strong><strong>MERS\u0130S NO\u00a0<\/strong>0377047105500001<\/p>\n<\/div>\n<\/div>\n<h3 class=\"vc_custom_heading text-left\">BANKA B\u0130LG\u0130LER\u0130M\u0130Z<\/h3>\n<div class=\"wpb_text_column wpb_content_element \">\n<div class=\"wpb_wrapper\">\n<p><strong>GARANT\u0130 BANKASI<\/strong><\/p>\n<p><strong>\u0130ZM\u0130T E-5 \u015eUBE (TL) HESABI<\/strong><\/p>\n<p>(1148\/ 6298901 ) (TR60 0006 2001 1480 0006 2989 01\u00a0)<\/p>\n<p><strong>USD ($)<\/strong><\/p>\n<p>( 1148 \/ 9096179 ) (TR82 0006 2001 1480 0009 0961 79)<\/p>\n<p><strong>EURO (\u20ac)<\/strong><\/p>\n<p>( 1148 \/ 9089946 ) (TR78 0006 2001 1480 0009 0899 46)<\/p>\n<p><strong>SWIFT -BIC<\/strong><\/p>\n<p>TGBATRIS<\/p>\n<\/div>\n<\/div>\n<p>[\/vc_column_text][\/vc_column][vc_column width=&#8221;1\/3&#8243;][vc_empty_space]\t\t\t\n\t<!-- Element: OT Button --> \n\t\t\t<a href=\"http:\/\/group.escem.com.tr\/index.php\/kurumsal\/\" target=\"_self\" class=\"btn btn-line-black btn-big  \">Hakk\u0131m\u0131zda<\/a>\n\t    \n[vc_empty_space height=&#8221;16px&#8221;]\t\t\t\n\t<!-- Element: OT Button --> \n\t\t\t<a href=\"http:\/\/group.escem.com.tr\/index.php\/vizyon-misyon\/\" target=\"_self\" class=\"btn btn-line-black btn-big  \">Vizyon & Misyon<\/a>\n\t    \n[vc_empty_space height=&#8221;16px&#8221;]\t\t\t\n\t<!-- Element: OT Button --> \n\t\t\t<a href=\"http:\/\/group.escem.com.tr\/index.php\/uygunluk-beyani\/\" target=\"_self\" class=\"btn btn-line-black btn-big  \">Uygunluk Beyan\u0131<\/a>\n\t    \n[vc_empty_space height=&#8221;16px&#8221;]\t\t\t\n\t<!-- Element: OT Button --> \n\t\t\t<a href=\"http:\/\/group.escem.com.tr\/index.php\/belgelerimiz\/\" target=\"_self\" class=\"btn btn-line-black btn-big  \">Belgelerimiz<\/a>\n\t    \n[vc_empty_space height=&#8221;16px&#8221;]\t\t\t\n\t<!-- Element: OT Button --> \n\t\t\t<a href=\"http:\/\/group.escem.com.tr\/index.php\/laboratuvar-kapsami\/\" target=\"_self\" class=\"btn btn-line-black btn-big  \">Laboratuvar Kapsam\u0131<\/a>\n\t    \n[vc_empty_space height=&#8221;16px&#8221;]\t\t\t\n\t<!-- Element: OT Button --> \n\t\t\t<a href=\"http:\/\/group.escem.com.tr\/index.php\/katalogumuz\/\" target=\"_self\" class=\"btn btn-line-black btn-big  \">Katalo\u011fumuz<\/a>\n\t    \n[vc_empty_space height=&#8221;16px&#8221;]\t\t\t\n\t<!-- Element: OT Button --> \n\t\t\t<a href=\"http:\/\/group.escem.com.tr\/index.php\/sik-sorulan-sorular\/\" target=\"_self\" class=\"btn btn-line-black btn-big  \">S\u0131k Sorulan Sorular<\/a>\n\t    \n[\/vc_column][\/vc_row][vc_row][vc_column][\/vc_column][\/vc_row]<\/p>\n<\/div>","protected":false},"excerpt":{"rendered":"<p>[vc_row][vc_column width=&#8221;2\/3&#8243;][vc_column_text css=&#8221;&#8221;] F\u0130RMA B\u0130LG\u0130LER\u0130M\u0130Z T\u0130CAR\u0130 UNVAN\u00a0ES\u00c7EM ENERJ\u0130 S\u0130STEMLER\u0130 VE \u00c7EVRE ET\u00dcT MERKEZ\u0130 SAN.T\u0130C.A.\u015e. ADRES\u00a0Sanayi Mahallesi Morsalk\u0131m Sokak No:24 \u0130zmit\/KOCAEL\u0130 VERG\u0130 D: \/ VERG\u0130 NO:\u00a0TEPEC\u0130K \/ 377 047 1055 E-POSTA\u00a0\u00a0muhasebe@escem.com.tr \u0130LG\u0130L\u0130 DEPARTMAN\u00a0Muhasebe FAKS\u00a0(0262) 335 40 08 TELEFON\u00a0(0262) 335 40 20 Kocaeli.Tic.Sic.No:\u00a014701 Kocaeli .Oda Sic.No:\u00a0486599 \u00a0MERS\u0130S NO\u00a00377047105500001 BANKA B\u0130LG\u0130LER\u0130M\u0130Z GARANT\u0130 BANKASI \u0130ZM\u0130T E-5 \u015eUBE (TL) HESABI [&hellip;]<\/p>\n","protected":false},"author":1,"featured_media":0,"parent":0,"menu_order":0,"comment_status":"closed","ping_status":"closed","template":"page-templates\/template-fullwidth.php","meta":{"footnotes":""},"class_list":["post-1524","page","type-page","status-publish","hentry"],"_links":{"self":[{"href":"http:\/\/group.escem.com.tr\/index.php\/wp-json\/wp\/v2\/pages\/1524","targetHints":{"allow":["GET"]}}],"collection":[{"href":"http:\/\/group.escem.com.tr\/index.php\/wp-json\/wp\/v2\/pages"}],"about":[{"href":"http:\/\/group.escem.com.tr\/index.php\/wp-json\/wp\/v2\/types\/page"}],"author":[{"embeddable":true,"href":"http:\/\/group.escem.com.tr\/index.php\/wp-json\/wp\/v2\/users\/1"}],"replies":[{"embeddable":true,"href":"http:\/\/group.escem.com.tr\/index.php\/wp-json\/wp\/v2\/comments?post=1524"}],"version-history":[{"count":3,"href":"http:\/\/group.escem.com.tr\/index.php\/wp-json\/wp\/v2\/pages\/1524\/revisions"}],"predecessor-version":[{"id":1542,"href":"http:\/\/group.escem.com.tr\/index.php\/wp-json\/wp\/v2\/pages\/1524\/revisions\/1542"}],"wp:attachment":[{"href":"http:\/\/group.escem.com.tr\/index.php\/wp-json\/wp\/v2\/media?parent=1524"}],"curies":[{"name":"wp","href":"https:\/\/api.w.org\/{rel}","templated":true}]}}