{"id":872,"date":"2016-01-28T09:47:53","date_gmt":"2016-01-28T09:47:53","guid":{"rendered":"http:\/\/demo.oceanthemes.net\/archilight\/?page_id=872"},"modified":"2024-07-12T09:09:03","modified_gmt":"2024-07-12T06:09:03","slug":"hizmetler","status":"publish","type":"page","link":"http:\/\/group.escem.com.tr\/index.php\/hizmetler\/","title":{"rendered":"Hizmetlerimiz"},"content":{"rendered":"<div class=\"wpb-content-wrapper\"><p>[vc_row css=&#8221;.vc_custom_1719149139195{padding-bottom: 10px !important;}&#8221; el_id=&#8221;cevresel-olcumler-ve-analizler&#8221;][vc_column]\n\t<!-- Element: OT Heading --> \t \n\t<h4 class=\"ot_custom_heading  \" style=\"text-align: center;color: #00946c;\" ><b>\u00c7evresel<\/b> \u00d6l\u00e7\u00fcmler ve Analizler<\/h4>\t\n\t<!-- Element: OT Line solid --> \t \n\t<div class=\" separator \"><span><i class=\"fa fa-circle\"><\/i><\/span><\/div>\n\t<div class=\"spacer-single\"><\/div>\t      \n[vc_row_inner el_class=&#8221;call-to-action text-center&#8221; css=&#8221;.vc_custom_1719146750142{margin-top: -20px !important;}&#8221;][vc_column_inner el_class=&#8221;call-to-action text-center&#8221; width=&#8221;1\/3&#8243;][vc_single_image image=&#8221;1260&#8243; img_size=&#8221;400&#215;250&#8243; alignment=&#8221;center&#8221; onclick=&#8221;custom_link&#8221; css=&#8221;&#8221;]\n\t<!-- Element: OT Heading --> \t \n\t<h4 class=\"ot_custom_heading  \" style=\"text-align: center;color: #00946c;\" ><a href=\"http:\/\/cevre.escem.com.tr\/service\/surekli-emisyon-olcum-sistemleri\/\" title=\"\" target=\"_self\"><b>S\u00fcrekli Emisyon \u00d6l\u00e7\u00fcm Sistemleri<\/b><\/a><\/h4>\t\n[vc_empty_space height=&#8221;16px&#8221;]\t\t\t\n\t<!-- Element: OT Button --> \n\t\t\t<a href=\"http:\/\/cevre.escem.com.tr\/service\/surekli-emisyon-olcum-sistemleri\/\" target=\"_self\" class=\"btn btn-line-black btn-big  center\">Hizmet Detaylar\u0131<\/a>\n\t    \n[\/vc_column_inner][vc_column_inner el_class=&#8221;call-to-action text-center&#8221; width=&#8221;1\/3&#8243;][vc_single_image image=&#8221;1248&#8243; img_size=&#8221;400&#215;250&#8243; alignment=&#8221;center&#8221; onclick=&#8221;custom_link&#8221; css=&#8221;&#8221;]\n\t<!-- Element: OT Heading --> \t \n\t<h4 class=\"ot_custom_heading  \" style=\"text-align: center;color: #00946c;\" ><a href=\"http:\/\/cevre.escem.com.tr\/service\/emisyon-baca-gazi-olcumleri\/\" title=\"\" target=\"_self\"><b>Emisyon (Baca Gaz\u0131) \u00d6l\u00e7\u00fcmleri<\/b><\/a><\/h4>\t\n[vc_empty_space height=&#8221;16px&#8221;]\t\t\t\n\t<!-- Element: OT Button --> \n\t\t\t<a href=\"http:\/\/cevre.escem.com.tr\/service\/emisyon-baca-gazi-olcumleri\/\" target=\"_self\" class=\"btn btn-line-black btn-big  center\">Hizmet Detaylar\u0131<\/a>\n\t    \n[\/vc_column_inner][vc_column_inner width=&#8221;1\/3&#8243;][vc_single_image image=&#8221;1259&#8243; img_size=&#8221;400&#215;250&#8243; alignment=&#8221;center&#8221; onclick=&#8221;custom_link&#8221; css=&#8221;&#8221;]\n\t<!-- Element: OT Heading --> \t \n\t<h4 class=\"ot_custom_heading  \" style=\"text-align: center;color: #00946c;\" ><a href=\"http:\/\/cevre.escem.com.tr\/service\/imisyon-hava-kalitesi-olcumleri\/\" title=\"\" target=\"_self\"><b>\u0130misyon (Hava Kalitesi) \u00d6l\u00e7\u00fcmleri<\/b><\/a><\/h4>\t\n[vc_empty_space height=&#8221;16px&#8221;]\t\t\t\n\t<!-- Element: OT Button --> \n\t\t\t<a href=\"http:\/\/cevre.escem.com.tr\/service\/imisyon-hava-kalitesi-olcumleri\/\" target=\"_self\" class=\"btn btn-line-black btn-big  center\">Hizmet Detaylar\u0131<\/a>\n\t    \n[\/vc_column_inner][\/vc_row_inner][vc_empty_space height=&#8221;46px&#8221;][vc_row_inner el_class=&#8221;call-to-action text-center&#8221;][vc_column_inner el_class=&#8221;call-to-action text-center&#8221; width=&#8221;1\/3&#8243;][vc_single_image image=&#8221;1579&#8243; img_size=&#8221;400&#215;250&#8243; alignment=&#8221;center&#8221; onclick=&#8221;custom_link&#8221; css=&#8221;&#8221;]\n\t<!-- Element: OT Heading --> \t \n\t<h4 class=\"ot_custom_heading  \" style=\"text-align: center;color: #00946c;\" ><a href=\"http:\/\/cevre.escem.com.tr\/service\/biyogaz-olcumleri-ve-analizleri\/\" title=\"\" target=\"_self\"><b>Su, At\u0131ksu, Proses Suyu, Deniz Suyu, Y\u00fczeysel Su Analizleri<\/b><\/a><\/h4>\t\n[vc_empty_space height=&#8221;16px&#8221;]\t\t\t\n\t<!-- Element: OT Button --> \n\t\t\t<a href=\"http:\/\/cevre.escem.com.tr\/service\/su-atiksu-proses-suyu-deniz-suyu-yuzeysel-su-analizleri\/\" target=\"_self\" class=\"btn btn-line-black btn-big  center\">Hizmet Detaylar\u0131<\/a>\n\t    \n[\/vc_column_inner][vc_column_inner el_class=&#8221;call-to-action text-center&#8221; width=&#8221;1\/3&#8243;][vc_single_image image=&#8221;1250&#8243; img_size=&#8221;400&#215;250&#8243; alignment=&#8221;center&#8221; onclick=&#8221;custom_link&#8221; css=&#8221;&#8221;]\n\t<!-- Element: OT Heading --> \t \n\t<h4 class=\"ot_custom_heading  \" style=\"text-align: center;color: #00946c;\" ><a href=\"http:\/\/cevre.escem.com.tr\/service\/biyogaz-olcumleri-ve-analizleri\/\" title=\"\" target=\"_self\"><b>Biyogaz \u00d6l\u00e7\u00fcmleri ve Analizleri<\/b><\/a><\/h4>\t\n[vc_empty_space height=&#8221;16px&#8221;]\t\t\t\n\t<!-- Element: OT Button --> \n\t\t\t<a href=\"http:\/\/cevre.escem.com.tr\/service\/biyogaz-olcumleri-ve-analizleri\/\" target=\"_self\" class=\"btn btn-line-black btn-big  center\">Hizmet Detaylar\u0131<\/a>\n\t    \n[\/vc_column_inner][vc_column_inner el_class=&#8221;call-to-action text-center&#8221; width=&#8221;1\/3&#8243;][vc_single_image image=&#8221;1261&#8243; img_size=&#8221;400&#215;250&#8243; alignment=&#8221;center&#8221; onclick=&#8221;custom_link&#8221; css=&#8221;&#8221;]\n\t<!-- Element: OT Heading --> \t \n\t<h4 class=\"ot_custom_heading  \" style=\"text-align: center;color: #00946c;\" ><a href=\"http:\/\/cevre.escem.com.tr\/service\/numune-alma-hizmetleri\/\" title=\"\" target=\"_self\"><b>Numune Alma Hizmetleri<\/b><\/a><\/h4>\t\n[vc_empty_space height=&#8221;16px&#8221;]\t\t\t\n\t<!-- Element: OT Button --> \n\t\t\t<a href=\"http:\/\/cevre.escem.com.tr\/service\/numune-alma-hizmetleri\/\" target=\"_self\" class=\"btn btn-line-black btn-big  center\">Hizmet Detaylar\u0131<\/a>\n\t    \n[\/vc_column_inner][\/vc_row_inner][vc_empty_space height=&#8221;46px&#8221;][vc_row_inner el_class=&#8221;call-to-action text-center&#8221;][vc_column_inner el_class=&#8221;call-to-action text-center&#8221; width=&#8221;1\/3&#8243;][vc_single_image image=&#8221;1249&#8243; img_size=&#8221;400&#215;250&#8243; alignment=&#8221;center&#8221; onclick=&#8221;custom_link&#8221; css=&#8221;&#8221;]\n\t<!-- Element: OT Heading --> \t \n\t<h4 class=\"ot_custom_heading  \" style=\"text-align: center;color: #00946c;\" ><a href=\"http:\/\/cevre.escem.com.tr\/service\/atik-yag-ve-izolasyon-sivilari-analizleri\/\" title=\"\" target=\"_self\"><b>At\u0131k Ya\u011f ve \u0130zolasyon S\u0131v\u0131lar\u0131 Analizleri<\/b><\/a><\/h4>\t\n[vc_empty_space height=&#8221;16px&#8221;]\t\t\t\n\t<!-- Element: OT Button --> \n\t\t\t<a href=\"http:\/\/cevre.escem.com.tr\/service\/atik-yag-ve-izolasyon-sivilari-analizleri\/\" target=\"_self\" class=\"btn btn-line-black btn-big  center\">Hizmet Detaylar\u0131<\/a>\n\t    \n[\/vc_column_inner][vc_column_inner el_class=&#8221;call-to-action text-center&#8221; width=&#8221;1\/3&#8243;][vc_single_image image=&#8221;1578&#8243; img_size=&#8221;400&#215;250&#8243; alignment=&#8221;center&#8221; onclick=&#8221;custom_link&#8221; css=&#8221;&#8221;]\n\t<!-- Element: OT Heading --> \t \n\t<h4 class=\"ot_custom_heading  \" style=\"text-align: center;color: #00946c;\" ><a href=\"http:\/\/cevre.escem.com.tr\/service\/atik-yag-ve-izolasyon-sivilari-analizleri\/\" title=\"\" target=\"_self\"><b>Toprak, Ar\u0131tma \u00c7amuru ve At\u0131k Analizleri<\/b><\/a><\/h4>\t\n[vc_empty_space height=&#8221;16px&#8221;]\t\t\t\n\t<!-- Element: OT Button --> \n\t\t\t<a href=\"http:\/\/cevre.escem.com.tr\/service\/toprak-aritma-camuru-ve-atik-analizleri\/\" target=\"_self\" class=\"btn btn-line-black btn-big  center\">Hizmet Detaylar\u0131<\/a>\n\t    \n[\/vc_column_inner][vc_column_inner el_class=&#8221;call-to-action text-center&#8221; width=&#8221;1\/3&#8243;][vc_empty_space height=&#8221;16px&#8221;][\/vc_column_inner][\/vc_row_inner][\/vc_column][\/vc_row][vc_row css=&#8221;.vc_custom_1719417508747{padding-bottom: 10px !important;}&#8221; el_id=&#8221;muhendislik-cozumleri&#8221;][vc_column]\n\t<!-- Element: OT Heading --> \t \n\t<h4 class=\"ot_custom_heading  \" style=\"text-align: center;color: #bb543e;\" ><b>\u0130leri M\u00fchendislik<\/b> \u00c7\u00f6z\u00fcmleri<\/h4>\t\n\t<!-- Element: OT Line solid --> \t \n\t<div class=\" separator \"><span><i class=\"fa fa-circle\"><\/i><\/span><\/div>\n\t<div class=\"spacer-single\"><\/div>\t      \n[vc_row_inner el_class=&#8221;call-to-action text-center&#8221; css=&#8221;.vc_custom_1719149827774{margin-top: -20px !important;}&#8221;][vc_column_inner el_class=&#8221;call-to-action text-center&#8221; width=&#8221;1\/3&#8243;][vc_single_image image=&#8221;1295&#8243; img_size=&#8221;400&#215;250&#8243; alignment=&#8221;center&#8221; onclick=&#8221;custom_link&#8221; css=&#8221;&#8221;]\n\t<!-- Element: OT Heading --> \t \n\t<h4 class=\"ot_custom_heading  \" style=\"text-align: center;color: #bb543e;\" ><a href=\"http:\/\/enerji.escem.com.tr\/hizmetlerimiz\/#Atiksu_Aritim_ve_Geri_Kazanimi\" title=\"\" target=\"_self\"><b>At\u0131ksu Ar\u0131t\u0131m ve Geri Kazan\u0131m\u0131<\/b><\/a><\/h4>\t\n[vc_empty_space height=&#8221;16px&#8221;]\t\t\t\n\t<!-- Element: OT Button --> \n\t\t\t<a href=\"http:\/\/enerji.escem.com.tr\/hizmetlerimiz\/#Atiksu_Aritim_ve_Geri_Kazanimi\" target=\"_self\" class=\"btn btn-line-black btn-big  center\">Hizmet Detaylar\u0131<\/a>\n\t    \n[\/vc_column_inner][vc_column_inner el_class=&#8221;call-to-action text-center&#8221; width=&#8221;1\/3&#8243;][vc_single_image image=&#8221;1410&#8243; img_size=&#8221;400&#215;250&#8243; alignment=&#8221;center&#8221; onclick=&#8221;custom_link&#8221; css=&#8221;&#8221;]\n\t<!-- Element: OT Heading --> \t \n\t<h4 class=\"ot_custom_heading  \" style=\"text-align: center;color: #bb543e;\" ><a href=\"http:\/\/enerji.escem.com.tr\/hizmetlerimiz\/#atik_camur_yonetimi\" title=\"\" target=\"_self\"><b>At\u0131k \u00c7amur Y\u00f6netimi <\/b><\/a><\/h4>\t\n[vc_empty_space height=&#8221;16px&#8221;]\t\t\t\n\t<!-- Element: OT Button --> \n\t\t\t<a href=\"http:\/\/enerji.escem.com.tr\/hizmetlerimiz\/#atik_camur_yonetimi\" target=\"_self\" class=\"btn btn-line-black btn-big  center\">Hizmet Detaylar\u0131<\/a>\n\t    \n[\/vc_column_inner][vc_column_inner width=&#8221;1\/3&#8243;][vc_single_image image=&#8221;1411&#8243; img_size=&#8221;400&#215;250&#8243; alignment=&#8221;center&#8221; onclick=&#8221;custom_link&#8221; css=&#8221;&#8221;]\n\t<!-- Element: OT Heading --> \t \n\t<h4 class=\"ot_custom_heading  \" style=\"text-align: center;color: #bb543e;\" ><a href=\"http:\/\/enerji.escem.com.tr\/hizmetlerimiz\/#emisyon-filtre-ve-bertaraf-yontemleri\" title=\"\" target=\"_self\"><b>Emisyon Filtre ve Bertaraf Y\u00f6ntemleri<\/b><\/a><\/h4>\t\n[vc_empty_space height=&#8221;16px&#8221;]\t\t\t\n\t<!-- Element: OT Button --> \n\t\t\t<a href=\"http:\/\/enerji.escem.com.tr\/hizmetlerimiz\/#emisyon-filtre-ve-bertaraf-yontemleri\" target=\"_self\" class=\"btn btn-line-black btn-big  center\">Hizmet Detaylar\u0131<\/a>\n\t    \n[\/vc_column_inner][\/vc_row_inner][vc_empty_space height=&#8221;46px&#8221;][vc_row_inner el_class=&#8221;call-to-action text-center&#8221;][vc_column_inner el_class=&#8221;call-to-action text-center&#8221; width=&#8221;1\/3&#8243;][vc_single_image image=&#8221;1413&#8243; img_size=&#8221;400&#215;250&#8243; alignment=&#8221;center&#8221; onclick=&#8221;custom_link&#8221; css=&#8221;&#8221;]\n\t<!-- Element: OT Heading --> \t \n\t<h4 class=\"ot_custom_heading  \" style=\"text-align: center;color: #bb543e;\" ><a href=\"http:\/\/enerji.escem.com.tr\/hizmetlerimiz\/#enerji-uretimi-geri-kazanimi-ve-transfer-sistemleri\" title=\"\" target=\"_self\"><b>Enerji \u00dcretimi, Geri Kazan\u0131m\u0131 ve Transfer Sistemleri<\/b><\/a><\/h4>\t\n[vc_empty_space height=&#8221;16px&#8221;]\t\t\t\n\t<!-- Element: OT Button --> \n\t\t\t<a href=\"http:\/\/enerji.escem.com.tr\/hizmetlerimiz\/#enerji-uretimi-geri-kazanimi-ve-transfer-sistemleri\" target=\"_self\" class=\"btn btn-line-black btn-big  center\">Hizmet Detaylar\u0131<\/a>\n\t    \n[\/vc_column_inner][vc_column_inner el_class=&#8221;call-to-action text-center&#8221; width=&#8221;1\/3&#8243;][vc_single_image image=&#8221;1414&#8243; img_size=&#8221;400&#215;250&#8243; alignment=&#8221;center&#8221; onclick=&#8221;custom_link&#8221; css=&#8221;&#8221;]\n\t<!-- Element: OT Heading --> \t \n\t<h4 class=\"ot_custom_heading  \" style=\"text-align: center;color: #bb543e;\" ><a href=\"http:\/\/enerji.escem.com.tr\/hizmetlerimiz\/ #buhar-geri-kazanim-solvent-nh3-lng-lpg-benzin-nafta-flare-gazi-sistemleri\" title=\"\" target=\"_self\"><b>Buhar Geri Kazan\u0131m (Solvent, NH3, LNG, LPG, Benzin, Nafta, Flare Gaz\u0131) Sistemleri<\/b><\/a><\/h4>\t\n[vc_empty_space height=&#8221;16px&#8221;]\t\t\t\n\t<!-- Element: OT Button --> \n\t\t\t<a href=\"http:\/\/enerji.escem.com.tr\/hizmetlerimiz\/%20#buhar-geri-kazanim-solvent-nh3-lng-lpg-benzin-nafta-flare-gazi-sistemleri\" target=\"_self\" class=\"btn btn-line-black btn-big  center\">Hizmet Detaylar\u0131<\/a>\n\t    \n[\/vc_column_inner][vc_column_inner el_class=&#8221;call-to-action text-center&#8221; width=&#8221;1\/3&#8243;][vc_single_image image=&#8221;1416&#8243; img_size=&#8221;400&#215;250&#8243; alignment=&#8221;center&#8221; onclick=&#8221;custom_link&#8221; css=&#8221;&#8221;]\n\t<!-- Element: OT Heading --> \t \n\t<h4 class=\"ot_custom_heading  \" style=\"text-align: center;color: #bb543e;\" ><a href=\"http:\/\/enerji.escem.com.tr\/hizmetlerimiz\/#surdurulebilirlik\" title=\"\" target=\"_self\"><b>S\u00fcrd\u00fcr\u00fclebilirlik<\/b><\/a><\/h4>\t\n[vc_empty_space height=&#8221;16px&#8221;]\t\t\t\n\t<!-- Element: OT Button --> \n\t\t\t<a href=\"http:\/\/enerji.escem.com.tr\/hizmetlerimiz\/#surdurulebilirlik\" target=\"_self\" class=\"btn btn-line-black btn-big  center\">Hizmet Detaylar\u0131<\/a>\n\t    \n[\/vc_column_inner][\/vc_row_inner][\/vc_column][\/vc_row][vc_row css=&#8221;.vc_custom_1719166230863{padding-bottom: 10px !important;}&#8221; el_id=&#8221;is-hijyeni-olcum-ve-raporlama&#8221;][vc_column]\n\t<!-- Element: OT Heading --> \t \n\t<h4 class=\"ot_custom_heading  \" style=\"text-align: center;color: #00a0e3;\" ><b>\u0130\u015f Hijyeni<\/b> (Ortam) \u00d6l\u00e7\u00fcmleri<\/h4>\t\n\t<!-- Element: OT Line solid --> \t \n\t<div class=\" separator \"><span><i class=\"fa fa-circle\"><\/i><\/span><\/div>\n\t<div class=\"spacer-single\"><\/div>\t      \n[vc_row_inner el_class=&#8221;call-to-action text-center&#8221; css=&#8221;.vc_custom_1719149827774{margin-top: -20px !important;}&#8221;][vc_column_inner el_class=&#8221;call-to-action text-center&#8221; width=&#8221;1\/3&#8243;][vc_single_image image=&#8221;1306&#8243; img_size=&#8221;400&#215;250&#8243; alignment=&#8221;center&#8221; onclick=&#8221;custom_link&#8221; css=&#8221;&#8221;]\n\t<!-- Element: OT Heading --> \t \n\t<h4 class=\"ot_custom_heading  \" style=\"text-align: center;color: #00a0e3;\" ><a href=\"http:\/\/ishijyeni.escem.com.tr\/service\/atik-yag-ve-izolasyon-sivilari-analizleri\/\" title=\"\" target=\"_self\"><b>Akustik G\u00fcr\u00fclt\u00fc \u00d6l\u00e7\u00fcmleri ve Haritaland\u0131r\u0131lmas\u0131<\/b><\/a><\/h4>\t\n[vc_empty_space height=&#8221;16px&#8221;]\t\t\t\n\t<!-- Element: OT Button --> \n\t\t\t<a href=\"http:\/\/ishijyeni.escem.com.tr\/service\/atik-yag-ve-izolasyon-sivilari-analizleri\/\" target=\"_self\" class=\"btn btn-line-black btn-big  center\">Hizmet Detaylar\u0131<\/a>\n\t    \n[\/vc_column_inner][vc_column_inner el_class=&#8221;call-to-action text-center&#8221; width=&#8221;1\/3&#8243;][vc_single_image image=&#8221;1308&#8243; img_size=&#8221;400&#215;250&#8243; alignment=&#8221;center&#8221; onclick=&#8221;custom_link&#8221; css=&#8221;&#8221;]\n\t<!-- Element: OT Heading --> \t \n\t<h4 class=\"ot_custom_heading  \" style=\"text-align: center;color: #00a0e3;\" ><a href=\"http:\/\/ishijyeni.escem.com.tr\/service\/cevresel-gurultu-olcumleri\/\" title=\"\" target=\"_self\"><b>\u00c7evresel G\u00fcr\u00fclt\u00fc \u00d6l\u00e7\u00fcmleri<\/b><\/a><\/h4>\t\n[vc_empty_space height=&#8221;16px&#8221;]\t\t\t\n\t<!-- Element: OT Button --> \n\t\t\t<a href=\"http:\/\/ishijyeni.escem.com.tr\/service\/cevresel-gurultu-olcumleri\/\" target=\"_self\" class=\"btn btn-line-black btn-big  center\">Hizmet Detaylar\u0131<\/a>\n\t    \n[\/vc_column_inner][vc_column_inner width=&#8221;1\/3&#8243;][vc_single_image image=&#8221;1307&#8243; img_size=&#8221;400&#215;250&#8243; alignment=&#8221;center&#8221; onclick=&#8221;custom_link&#8221; css=&#8221;&#8221;]\n\t<!-- Element: OT Heading --> \t \n\t<h4 class=\"ot_custom_heading  \" style=\"text-align: center;color: #00a0e3;\" ><a href=\"http:\/\/ishijyeni.escem.com.tr\/service\/toz-ve-aerosol-olcumleri\/\" title=\"\" target=\"_self\"><b>Toz ve Aerosol \u00d6l\u00e7\u00fcmleri<\/b><\/a><\/h4>\t\n[vc_empty_space height=&#8221;16px&#8221;]\t\t\t\n\t<!-- Element: OT Button --> \n\t\t\t<a href=\"http:\/\/ishijyeni.escem.com.tr\/service\/toz-ve-aerosol-olcumleri\/\" target=\"_self\" class=\"btn btn-line-black btn-big  center\">Hizmet Detaylar\u0131<\/a>\n\t    \n[\/vc_column_inner][\/vc_row_inner][vc_empty_space height=&#8221;46px&#8221;][vc_row_inner el_class=&#8221;call-to-action text-center&#8221;][vc_column_inner el_class=&#8221;call-to-action text-center&#8221; width=&#8221;1\/3&#8243;][vc_single_image image=&#8221;1309&#8243; img_size=&#8221;400&#215;250&#8243; alignment=&#8221;center&#8221; onclick=&#8221;custom_link&#8221; css=&#8221;&#8221;]\n\t<!-- Element: OT Heading --> \t \n\t<h4 class=\"ot_custom_heading  \" style=\"text-align: center;color: #00a0e3;\" ><a href=\"http:\/\/ishijyeni.escem.com.tr\/service\/aydinlatma-olcumleri\/\" title=\"\" target=\"_self\"><b>Ayd\u0131nlatma \u00d6l\u00e7\u00fcmleri<\/b><\/a><\/h4>\t\n[vc_empty_space height=&#8221;16px&#8221;]\t\t\t\n\t<!-- Element: OT Button --> \n\t\t\t<a href=\"http:\/\/ishijyeni.escem.com.tr\/service\/aydinlatma-olcumleri\/\" target=\"_self\" class=\"btn btn-line-black btn-big  center\">Hizmet Detaylar\u0131<\/a>\n\t    \n[\/vc_column_inner][vc_column_inner el_class=&#8221;call-to-action text-center&#8221; width=&#8221;1\/3&#8243;][vc_single_image image=&#8221;1310&#8243; img_size=&#8221;400&#215;250&#8243; alignment=&#8221;center&#8221; onclick=&#8221;custom_link&#8221; css=&#8221;&#8221;]\n\t<!-- Element: OT Heading --> \t \n\t<h4 class=\"ot_custom_heading  \" style=\"text-align: center;color: #00a0e3;\" ><a href=\"http:\/\/ishijyeni.escem.com.tr\/service\/titresim-olcumleri\/\" title=\"\" target=\"_self\"><b>Titre\u015fim \u00d6l\u00e7\u00fcmleri<\/b><\/a><\/h4>\t\n[vc_empty_space height=&#8221;16px&#8221;]\t\t\t\n\t<!-- Element: OT Button --> \n\t\t\t<a href=\"http:\/\/ishijyeni.escem.com.tr\/service\/titresim-olcumleri\/\" target=\"_self\" class=\"btn btn-line-black btn-big  center\">Hizmet Detaylar\u0131<\/a>\n\t    \n[\/vc_column_inner][vc_column_inner el_class=&#8221;call-to-action text-center&#8221; width=&#8221;1\/3&#8243;][vc_single_image image=&#8221;1311&#8243; img_size=&#8221;400&#215;250&#8243; alignment=&#8221;center&#8221; onclick=&#8221;custom_link&#8221; css=&#8221;&#8221;]\n\t<!-- Element: OT Heading --> \t \n\t<h4 class=\"ot_custom_heading  \" style=\"text-align: center;color: #00a0e3;\" ><a href=\"http:\/\/ishijyeni.escem.com.tr\/service\/gaz-olcumleri\/\" title=\"\" target=\"_self\"><b>Toksik Gaz \u00d6l\u00e7\u00fcmleri<\/b><\/a><\/h4>\t\n[vc_empty_space height=&#8221;16px&#8221;]\t\t\t\n\t<!-- Element: OT Button --> \n\t\t\t<a href=\"http:\/\/ishijyeni.escem.com.tr\/service\/gaz-olcumleri\/\" target=\"_self\" class=\"btn btn-line-black btn-big  center\">Hizmet Detaylar\u0131<\/a>\n\t    \n[\/vc_column_inner][\/vc_row_inner][\/vc_column][\/vc_row][vc_row][vc_column][\/vc_column][\/vc_row][vc_row el_class=&#8221;call-to-action bg-color dark text-center&#8221; css=&#8221;.vc_custom_1719156951585{margin-top: -60px !important;padding-bottom: 60px !important;}&#8221;][vc_column]\t\t\t\n\t<!-- Element: OT Button --> \n\t\t\t<a href=\"#\" target=\"_self\" class=\"btn btn-line-black btn-big  \">TEKL\u0130F AL<\/a>\n\t    \n[\/vc_column][\/vc_row]<\/p>\n<\/div>","protected":false},"excerpt":{"rendered":"<p>[vc_row css=&#8221;.vc_custom_1719149139195{padding-bottom: 10px !important;}&#8221; el_id=&#8221;cevresel-olcumler-ve-analizler&#8221;][vc_column][vc_row_inner el_class=&#8221;call-to-action text-center&#8221; css=&#8221;.vc_custom_1719146750142{margin-top: -20px !important;}&#8221;][vc_column_inner el_class=&#8221;call-to-action text-center&#8221; width=&#8221;1\/3&#8243;][vc_single_image image=&#8221;1260&#8243; img_size=&#8221;400&#215;250&#8243; alignment=&#8221;center&#8221; onclick=&#8221;custom_link&#8221; css=&#8221;&#8221;][vc_empty_space height=&#8221;16px&#8221;][\/vc_column_inner][vc_column_inner el_class=&#8221;call-to-action text-center&#8221; width=&#8221;1\/3&#8243;][vc_single_image image=&#8221;1248&#8243; img_size=&#8221;400&#215;250&#8243; alignment=&#8221;center&#8221; onclick=&#8221;custom_link&#8221; css=&#8221;&#8221;][vc_empty_space height=&#8221;16px&#8221;][\/vc_column_inner][vc_column_inner width=&#8221;1\/3&#8243;][vc_single_image image=&#8221;1259&#8243; img_size=&#8221;400&#215;250&#8243; alignment=&#8221;center&#8221; onclick=&#8221;custom_link&#8221; css=&#8221;&#8221;][vc_empty_space height=&#8221;16px&#8221;][\/vc_column_inner][\/vc_row_inner][vc_empty_space height=&#8221;46px&#8221;][vc_row_inner el_class=&#8221;call-to-action text-center&#8221;][vc_column_inner el_class=&#8221;call-to-action text-center&#8221; width=&#8221;1\/3&#8243;][vc_single_image image=&#8221;1579&#8243; img_size=&#8221;400&#215;250&#8243; alignment=&#8221;center&#8221; onclick=&#8221;custom_link&#8221; css=&#8221;&#8221;][vc_empty_space height=&#8221;16px&#8221;][\/vc_column_inner][vc_column_inner el_class=&#8221;call-to-action text-center&#8221; width=&#8221;1\/3&#8243;][vc_single_image image=&#8221;1250&#8243; img_size=&#8221;400&#215;250&#8243; alignment=&#8221;center&#8221; onclick=&#8221;custom_link&#8221; css=&#8221;&#8221;][vc_empty_space [&hellip;]<\/p>\n","protected":false},"author":1,"featured_media":0,"parent":0,"menu_order":0,"comment_status":"closed","ping_status":"closed","template":"page-templates\/template-fullwidth.php","meta":{"footnotes":""},"class_list":["post-872","page","type-page","status-publish","hentry"],"_links":{"self":[{"href":"http:\/\/group.escem.com.tr\/index.php\/wp-json\/wp\/v2\/pages\/872","targetHints":{"allow":["GET"]}}],"collection":[{"href":"http:\/\/group.escem.com.tr\/index.php\/wp-json\/wp\/v2\/pages"}],"about":[{"href":"http:\/\/group.escem.com.tr\/index.php\/wp-json\/wp\/v2\/types\/page"}],"author":[{"embeddable":true,"href":"http:\/\/group.escem.com.tr\/index.php\/wp-json\/wp\/v2\/users\/1"}],"replies":[{"embeddable":true,"href":"http:\/\/group.escem.com.tr\/index.php\/wp-json\/wp\/v2\/comments?post=872"}],"version-history":[{"count":114,"href":"http:\/\/group.escem.com.tr\/index.php\/wp-json\/wp\/v2\/pages\/872\/revisions"}],"predecessor-version":[{"id":1580,"href":"http:\/\/group.escem.com.tr\/index.php\/wp-json\/wp\/v2\/pages\/872\/revisions\/1580"}],"wp:attachment":[{"href":"http:\/\/group.escem.com.tr\/index.php\/wp-json\/wp\/v2\/media?parent=872"}],"curies":[{"name":"wp","href":"https:\/\/api.w.org\/{rel}","templated":true}]}}